{"id":5674044,"date":"2018-07-24T11:23:52","date_gmt":"2018-07-24T11:23:52","guid":{"rendered":"https:\/\/www.logifin.ma\/2018\/?page_id=5674044"},"modified":"2023-07-22T20:03:00","modified_gmt":"2023-07-22T20:03:00","slug":"valeurs-atouts","status":"publish","type":"page","link":"https:\/\/www.logifin.ma\/2018\/valeurs-atouts\/","title":{"rendered":"VALEURS, MISSION &#038; VISION"},"content":{"rendered":"[vc_row full_width=\u00a0\u00bbstretch_row\u00a0\u00bb css=\u00a0\u00bb.vc_custom_1533758631401{background-image: url(https:\/\/www.logifin.ma\/2018\/wp-content\/uploads\/2018\/08\/slide1bis.png?id=5674140) !important;}\u00a0\u00bb][vc_column width=\u00a0\u00bb2\/3&Prime;][vc_row_inner content_placement=\u00a0\u00bbmiddle\u00a0\u00bb css=\u00a0\u00bb.vc_custom_1533655574734{margin-right: 50px !important;margin-left: 50px !important;}\u00a0\u00bb][vc_column_inner][vc_empty_space height=\u00a0\u00bb90px\u00a0\u00bb]<div class=\"norebro-heading-sc heading text-left\"\r\n\tid=\"norebro-custom-69e1c6d333816\" \r\n\t data-aos=\"fade-up\" \r\n\t>\r\n\t\r\n\t\r\n\t\r\n\t<h2 class=\"title\">\r\n\t\tAccompagnement \u00e0 l\u2019Excellence\t<\/h2>\r\n\r\n\t\r\n\t\t\t<p class=\"subtitle\">\r\n\t\t\tExperts en accompagnement pour am\u00e9liorer et rationaliser tous les processus impliqu\u00e9s dans la gestion d'entreprise.\t\t<\/p>\r\n\t\t\r\n<\/div>[vc_empty_space height=\u00a0\u00bb32&Prime;][\/vc_column_inner][\/vc_row_inner][\/vc_column][vc_column width=\u00a0\u00bb1\/3&Prime;][vc_empty_space height=\u00a0\u00bb250px\u00a0\u00bb][vc_single_image image=\u00a0\u00bb5674493&Prime; img_size=\u00a0\u00bbfull\u00a0\u00bb alignment=\u00a0\u00bbright\u00a0\u00bb][vc_empty_space height=\u00a0\u00bb32&Prime;][\/vc_column][\/vc_row][vc_row full_width=\u00a0\u00bbstretch_row\u00a0\u00bb css=\u00a0\u00bb.vc_custom_1533821774983{background-color: #f4f4f4 !important;}\u00a0\u00bb][vc_column][vc_row_inner content_placement=\u00a0\u00bbmiddle\u00a0\u00bb css=\u00a0\u00bb.vc_custom_1533655574734{margin-right: 50px !important;margin-left: 50px !important;}\u00a0\u00bb][vc_column_inner][vc_single_image image=\u00a0\u00bb5674691&Prime; img_size=\u00a0\u00bbfull\u00a0\u00bb][\/vc_column_inner][\/vc_row_inner][\/vc_column][\/vc_row][vc_row full_width=\u00a0\u00bbstretch_row\u00a0\u00bb][vc_column width=\u00a0\u00bb1\/2&Prime;][vc_empty_space height=\u00a0\u00bb50px\u00a0\u00bb]<div class=\"norebro-heading-sc heading text-left\"\r\n\tid=\"norebro-custom-69e1c6d333910\" \r\n\t \r\n\t>\r\n\t\r\n\t\r\n\t\r\n\t<h3 class=\"title\">\r\n\t\tDes Valeurs s\u00fbres pour mener au bon port vos ambitions.\t<\/h3>\r\n\r\n\t\r\n\t\t\r\n<\/div><div class=\"norebro-text-sc \" \r\n\tid=\"norebro-custom-69e1c6d333971\" \r\n\t \r\n\t>\r\n\r\n\t<p>Chez <strong>LOGIFIN Conseil<\/strong> nous valorisons une culture de travail ax\u00e9e sur le respect, l&rsquo;harmonie, la formation et la croissance. Nous encourageons les organisations \u00e0 motiver leur capital humain, \u00e0 cr\u00e9er des contextes d&rsquo;harmonie et d&rsquo;abondance \u00e0 travers la formation en affaires et le coaching commercial.<\/p>\n<p>Nous sommes congruents dans notre travail, une approche et un accompagnement direct du client vers des r\u00e9sultats tangibles. Nous ne pr\u00e9disons pas l&rsquo;avenir, nous le cr\u00e9ons ensemble.<\/p>\n<p>Nous nous distinguons par notre discr\u00e9tion, la confidentialit\u00e9; la transparence et l&rsquo;honn\u00eatet\u00e9 dans chaque projet \u00e0 la recherche d&rsquo;une relation \u00e0 long terme bas\u00e9e sur l&rsquo;efficacit\u00e9, le s\u00e9rieux et le professionnalisme.<\/p>\n\t\r\n<\/div>[vc_empty_space]<div class=\"norebro-heading-sc heading text-left\"\r\n\tid=\"norebro-custom-69e1c6d3339d6\" \r\n\t \r\n\t>\r\n\t\r\n\t\r\n\t\r\n\t<h3 class=\"title\">\r\n\t\tNOS VALEURS\t<\/h3>\r\n\r\n\t\t\t<div class=\"divider\"><\/div>\r\n\t\r\n\t\t\r\n<\/div><div class=\"norebro-text-sc \" \r\n\tid=\"norebro-custom-69e1c6d333a48\" \r\n\t \r\n\t>\r\n\r\n\t<ul>\n<li><span style=\"color: #0c1272;\"><strong>LEADERSHIP<\/strong><\/span><br \/>\nEngagement au d\u00e9veloppement des personnes et de leur motivation, \u00e0 travers notre int\u00e9grit\u00e9 personnelle et professionnelle.<\/li>\n<li><span style=\"color: #0c1272;\"><strong>\u00c9THIQUE PROFESSIONNELLE<\/strong>\u00a0<\/span><br \/>\nReconna\u00eetre les droits des individus et valoriser les qualit\u00e9s des autres, au-dessus d\u2019autres consid\u00e9rations.<\/li>\n<li><strong><span style=\"color: #0c1272;\">INNOVATION ET CR\u00c9ATIVIT\u00c9<\/span><br \/>\n<\/strong>Bas\u00e9es sur la g\u00e9n\u00e9ration, le d\u00e9veloppement d\u2019id\u00e9es et de solutions, qui facilitent la r\u00e9alisation d\u2019\u00e9l\u00e9ments diff\u00e9rentiels comp\u00e9titifs.<\/li>\n<li><strong><span style=\"color: #0c1272;\">ORIENTATION R\u00c9SULTATS<\/span><br \/>\n<\/strong>A travers la vision, la rentabilit\u00e9 et les objectifs de l&rsquo;organisation, nous assumons personnellement la responsabilit\u00e9 des r\u00e9sultats.<\/li>\n<li><strong><span style=\"color: #0c1272;\">GARANTIE DE QUALIT\u00c9<\/span><br \/>\n<\/strong>Capacit\u00e9 \u00e0 capturer et \u00e0 r\u00e9pondre aux attentes des clients gr\u00e2ce \u00e0 l&rsquo;accessibilit\u00e9 et \u00e0 l&rsquo;attention personnalis\u00e9e.<\/li>\n<li><strong><span style=\"color: #0c1272;\">TRANSPARENCE<\/span><br \/>\n<\/strong>D\u00e9fi efficace et ambitieux face \u00e0 l&rsquo;incertitude pour relever les d\u00e9fis commerciaux de nos clients. C&rsquo;est une valeur diff\u00e9rentielle reconnue par nos clients.<\/li>\n<\/ul>\n\t\r\n<\/div>[vc_empty_space height=\u00a0\u00bb90px\u00a0\u00bb][\/vc_column][vc_column width=\u00a0\u00bb1\/2&Prime;][vc_empty_space height=\u00a0\u00bb50px\u00a0\u00bb]<div class=\"norebro-heading-sc heading text-left\"\r\n\tid=\"norebro-custom-69e1c6d333a8a\" \r\n\t \r\n\t>\r\n\t\r\n\t\r\n\t\r\n\t<h3 class=\"title\">\r\n\t\tNOTRE MISSION\t<\/h3>\r\n\r\n\t\t\t<div class=\"divider\"><\/div>\r\n\t\r\n\t\t\r\n<\/div><div class=\"norebro-text-sc \" \r\n\tid=\"norebro-custom-69e1c6d333aea\" \r\n\t \r\n\t>\r\n\r\n\t<p>Nous collaborons avec nos clients dans la d\u00e9tection et la mise en \u0153uvre de processus d&rsquo;am\u00e9lioration, dans des domaines li\u00e9s \u00e0 la rentabilit\u00e9, \u00e0 la croissance, \u00e0 la conduite et au contr\u00f4le.<\/p>\n<p>Notre objectif principal est la cr\u00e9ation de valeur, bas\u00e9e sur l&rsquo;analyse de la situation actuelle de l&rsquo;entreprise, \u00e9valuant ses besoins financiers et \u00e9conomiques. Ceci afin de g\u00e9rer le financement de diff\u00e9rents projets, la r\u00e9organisation du fonds de roulement et la d\u00e9termination des marges b\u00e9n\u00e9ficiaires r\u00e9elles.<\/p>\n<p>Nous \u00e9valuons notre contribution de la seule fa\u00e7on dont nous comprenons qu\u2019elle correspond: en fonction des r\u00e9sultats obtenus par notre client.<\/p>\n\t\r\n<\/div>[vc_empty_space]<div class=\"norebro-heading-sc heading text-left\"\r\n\tid=\"norebro-custom-69e1c6d333b27\" \r\n\t \r\n\t>\r\n\t\r\n\t\r\n\t\r\n\t<h3 class=\"title\">\r\n\t\tNOTRE VISION\t<\/h3>\r\n\r\n\t\t\t<div class=\"divider\"><\/div>\r\n\t\r\n\t\t\r\n<\/div><div class=\"norebro-text-sc \" \r\n\tid=\"norebro-custom-69e1c6d333b7a\" \r\n\t \r\n\t>\r\n\r\n\t<p>A <a href=\"https:\/\/www.logifin.ma\"><strong>LOGIFIN Conseil<\/strong><\/a> nous parions faire partie de la transformation des organisations et des entreprises de nos clients en nous engageant activement dans la vie quotidienne et en cr\u00e9ant une structure commerciale, financi\u00e8re et humaine align\u00e9e sur les objectifs de leur entreprise.<\/p>\n<p>Pour ce faire, nous proc\u00e9dons \u00e0 un diagnostic initial, puis \u00e0 une planification et, enfin, \u00e0 l&rsquo;ex\u00e9cution de projets de changement qui poursuivent les r\u00e9sultats concrets de l&rsquo;am\u00e9lioration et de l&rsquo;\u00e9volution de l&rsquo;activit\u00e9.<\/p>\n\t\r\n<\/div>[\/vc_column][\/vc_row][vc_row content_placement=\u00a0\u00bbmiddle\u00a0\u00bb][vc_column][vc_raw_html]JTVCd3BfYWRfY2FtcF8zJTVE[\/vc_raw_html][\/vc_column][\/vc_row][vc_row full_width=\u00a0\u00bbstretch_row_content_no_spaces\u00a0\u00bb content_placement=\u00a0\u00bbmiddle\u00a0\u00bb parallax=\u00a0\u00bbcontent-moving\u00a0\u00bb parallax_image=\u00a0\u00bb5674293&Prime; css_animation=\u00a0\u00bbfadeIn\u00a0\u00bb side_background_title_alignment=\u00a0\u00bbright\u00a0\u00bb side_background_title_color=\u00a0\u00bbbrand\u00a0\u00bb][vc_column]<div class=\"norebro-heading-sc heading text-center\"\r\n\tid=\"norebro-custom-69e1c6d333bbd\" \r\n\t \r\n\t>\r\n\t\r\n\t\t\t<p class=\"subtitle\">\r\n\t\t\t\t\t<\/p>\r\n\t\r\n\t\r\n\t<h3 class=\"title subtitle-top\">\r\n\t\tCONNAITRE NOS D\u00c9PARTEMENTS & SERVICES\t<\/h3>\r\n\r\n\t\r\n\t\t\r\n<\/div><div class=\"norebro-text-sc \" \r\n\tid=\"norebro-custom-69e1c6d333c14\" \r\n\t \r\n\t>\r\n\r\n\t<p style=\"text-align: center;\"><span style=\"color: #ffffff;\">L\u2019\u00e9quipe <strong>LOGIFIN Conseil\u00a0<\/strong>\u00a0est un v\u00e9ritable atout garant du savoir-faire et de l\u2019expertise de notre cabinet.<\/span><br \/>\n<span style=\"color: #ffffff;\">Nos collaborateurs techniques, commerciaux et manag\u00e9riaux, sont mobilis\u00e9s pour mener vos projets dans le respect de vos standards de qualit\u00e9 et de d\u00e9lais.<\/span><\/p>\n\t\r\n<\/div>[vc_empty_space height=\u00a0\u00bb30px\u00a0\u00bb][\/vc_column][\/vc_row][vc_row full_width=\u00a0\u00bbstretch_row\u00a0\u00bb css=\u00a0\u00bb.vc_custom_1533713367180{margin-right: 20px !important;margin-left: 50px !important;background-color: #263556 !important;}\u00a0\u00bb side_background_title_color=\u00a0\u00bb#263556&Prime;][vc_column width=\u00a0\u00bb1\/4&Prime;][vc_empty_space height=\u00a0\u00bb30px\u00a0\u00bb]<div class=\"norebro-icon-box-sc icon-box box-left\" \r\n\tid=\"norebro-custom-69e1c6d333c63\" \r\n\t \r\n\t>\r\n\r\n\t<div class=\"icon-wrap\">\r\n\t\t\t\t\t<span class=\"fa fa-users\"><\/span>\r\n\t\t\t<\/div>\r\n\r\n\t<div class=\"content-wrap\">\r\n\r\n\t\t<div class=\"content-center with-full\">\r\n\t\t\t<div class=\"wrap\">\r\n\t\t\t\t<h3>D\u00e9partement Consulting<\/h3>\r\n\t\t\t\t\t\t\t\t\t<p class=\"subtitle\">\r\n\t\t\t\t\t\tEmail : mhammed.dhaim@logifin.ma\t\t\t\t\t<\/p>\r\n\t\t\t\t\t\t\t<\/div>\r\n\t\t<\/div>\r\n\t\t\r\n\t\t\t<\/div>\r\n\t\t\r\n\t\t<p class=\"description content-full\">\r\n\t\t\tPour vous accompagner dans le d\u00e9veloppement de votre activit\u00e9 en vous fournissant tout le support et les conseils dont vous avez besoin. Prenez les bonnes d\u00e9cisions gr\u00e2ce \u00e0 une information comptable pr\u00e9cise.\t\t<\/p>\r\n\r\n\t\t\r\n\t\t\r\n<\/div>[vc_empty_space height=\u00a0\u00bb15px\u00a0\u00bb][\/vc_column][vc_column width=\u00a0\u00bb1\/4&Prime;][vc_empty_space height=\u00a0\u00bb30px\u00a0\u00bb]<div class=\"norebro-icon-box-sc icon-box box-left\" \r\n\tid=\"norebro-custom-69e1c6d33554a\" \r\n\t \r\n\t>\r\n\r\n\t<div class=\"icon-wrap\">\r\n\t\t\t\t\t<span class=\"fa fa-bank\"><\/span>\r\n\t\t\t<\/div>\r\n\r\n\t<div class=\"content-wrap\">\r\n\r\n\t\t<div class=\"content-center with-full\">\r\n\t\t\t<div class=\"wrap\">\r\n\t\t\t\t<h3>D\u00e9partement Fiscal<\/h3>\r\n\t\t\t\t\t\t\t\t\t<p class=\"subtitle\">\r\n\t\t\t\t\t\tEmail : mhammed.dhaim@logifin.ma\t\t\t\t\t<\/p>\r\n\t\t\t\t\t\t\t<\/div>\r\n\t\t<\/div>\r\n\t\t\r\n\t\t\t<\/div>\r\n\t\t\r\n\t\t<p class=\"description content-full\">\r\n\t\t\tPour v\u00e9rifier la conformit\u00e9 de vos comptes \u00e0 la r\u00e9glementation comptable et fiscale. Le d\u00e9partement Fiscal assure vos relations avec les administrations ou vos organismes de gestion.\t\t<\/p>\r\n\r\n\t\t\r\n\t\t\r\n<\/div>[vc_empty_space height=\u00a0\u00bb15px\u00a0\u00bb][\/vc_column][vc_column width=\u00a0\u00bb1\/4&Prime;][vc_empty_space height=\u00a0\u00bb30px\u00a0\u00bb]<div class=\"norebro-icon-box-sc icon-box box-left\" \r\n\tid=\"norebro-custom-69e1c6d3355ce\" \r\n\t \r\n\t>\r\n\r\n\t<div class=\"icon-wrap\">\r\n\t\t\t\t\t<span class=\"fa fa-suitcase\"><\/span>\r\n\t\t\t<\/div>\r\n\r\n\t<div class=\"content-wrap\">\r\n\r\n\t\t<div class=\"content-center with-full\">\r\n\t\t\t<div class=\"wrap\">\r\n\t\t\t\t<h3>D\u00e9partement Administratif<\/h3>\r\n\t\t\t\t\t\t\t\t\t<p class=\"subtitle\">\r\n\t\t\t\t\t\tEmail : mhammed.dhaim@logifin.ma\t\t\t\t\t<\/p>\r\n\t\t\t\t\t\t\t<\/div>\r\n\t\t<\/div>\r\n\t\t\r\n\t\t\t<\/div>\r\n\t\t\r\n\t\t<p class=\"description content-full\">\r\n\t\t\tPour assurer et valider la r\u00e9alisation et l\u2019ex\u00e9cution de toutes les d\u00e9marches et formalit\u00e9s administratives visant \u00e0 la mise au pointe de la conformit\u00e9 des entreprises vis \u00e0 vis les institutions.\t\t<\/p>\r\n\r\n\t\t\r\n\t\t\r\n<\/div>[vc_empty_space height=\u00a0\u00bb15px\u00a0\u00bb][\/vc_column][vc_column width=\u00a0\u00bb1\/4&Prime;][vc_empty_space height=\u00a0\u00bb30px\u00a0\u00bb]<div class=\"norebro-icon-box-sc icon-box box-left\" \r\n\tid=\"norebro-custom-69e1c6d335650\" \r\n\t \r\n\t>\r\n\r\n\t<div class=\"icon-wrap\">\r\n\t\t\t\t\t<span class=\"fa fa-graduation-cap\"><\/span>\r\n\t\t\t<\/div>\r\n\r\n\t<div class=\"content-wrap\">\r\n\r\n\t\t<div class=\"content-center with-full\">\r\n\t\t\t<div class=\"wrap\">\r\n\t\t\t\t<h3>D\u00e9partement Juridique<\/h3>\r\n\t\t\t\t\t\t\t\t\t<p class=\"subtitle\">\r\n\t\t\t\t\t\tEmail : mhammed.dhaim@logifin.ma\t\t\t\t\t<\/p>\r\n\t\t\t\t\t\t\t<\/div>\r\n\t\t<\/div>\r\n\t\t\r\n\t\t\t<\/div>\r\n\t\t\r\n\t\t<p class=\"description content-full\">\r\n\t\t\tPour assister les soci\u00e9t\u00e9 aval et amont dans toute situation juridique \u00e0 laquelle elle peut \u00eatre confront\u00e9e en tant que consultants juridiques dans les diff\u00e9rents contrats r\u00e9alises\t\t<\/p>\r\n\r\n\t\t\r\n\t\t\r\n<\/div>[vc_empty_space height=\u00a0\u00bb15px\u00a0\u00bb][\/vc_column][\/vc_row][vc_row full_width=\u00a0\u00bbstretch_row\u00a0\u00bb content_placement=\u00a0\u00bbmiddle\u00a0\u00bb css=\u00a0\u00bb.vc_custom_1535196012232{background-color: #263556 !important;}\u00a0\u00bb][vc_column][vc_empty_space height=\u00a0\u00bb90px\u00a0\u00bb el_class=\u00a0\u00bbnorebro-phone-space\u00a0\u00bb]<div class=\"norebro-heading-sc heading text-center\"\r\n\tid=\"norebro-custom-69e1c6d3356bd\" \r\n\t \r\n\t>\r\n\t\r\n\t\t\t<p class=\"subtitle\">\r\n\t\t\t\t\t<\/p>\r\n\t\r\n\t\r\n\t<h3 class=\"title subtitle-top\">\r\n\t\tCARRI\u00c8RES & EMPLOIS\t<\/h3>\r\n\r\n\t\r\n\t\t\r\n<\/div>[vc_empty_space height=\u00a0\u00bb10px\u00a0\u00bb]<div class=\"norebro-text-sc \" \r\n\tid=\"norebro-custom-69e1c6d33572a\" \r\n\t \r\n\t>\r\n\r\n\t<p style=\"text-align: center;\"><span style=\"color: #ffffff;\">Consultez R\u00e9guli\u00e8rement notre rubrique Carri\u00e8res e&amp; Emplois pour recueillir les derni\u00e8res offres de recrutement.<\/span><\/p>\n\t\r\n<\/div><div class=\"norebro-recent-posts-sc vc_row blog-posts-masonry\" \r\n\tid=\"norebro-custom-69e1c6d336f59\"\r\n\t \r\n\t>\r\n\r\n\t<div class=\"norebro-masonry\" data-lazy-container=\"true\"><div class=\" vc_col-lg-3 vc_col-md-3 vc_col-sm-6 vc_col-xs-12 blog-post-masonry masonry-block post-offset norebro-card-wrapper grid-item data-lazy-item=\"true\"><div  data-aos-once=\"true\" data-aos=\"fade-up\" data-aos-delay=\"0\"><div class=\"blog-grid grid-4\" >\n\t\n\t<div class=\"content\">\n\t\t\t\t<div class=\"tags\">\n\t\t\t\t\t\t\t<a class=\"tag brand-bg-color brand-border-color\" href=\"https:\/\/www.logifin.ma\/2018\/category\/offres-emplois\/\">\n\t\t\t\t\tOffres Emplois\t\t\t\t<\/a>\n\t\t\t\t\t<\/div>\n\t\t\t\t\n\t\t<h3>\n\t\t\t\t\t\t<a href=\"https:\/\/www.logifin.ma\/2018\/offre003-19\/\">\n\t\t\t\tResponsable Juridique &amp; Administratif\t\t\t<\/a>\n\t\t<\/h3>\n\t\t\t\t<p>\n\t\t\t[vc_row][vc_column][vc_empty_space height=\u00a0\u00bb50px\u00a0\u00bb][vc_empty_space][vc_column_text]Description Cabinet de renomm\u00e9\u00a0 en conseil comptable fiscal et financier\u00a0&hellip;\t\t<\/p>\n\t\t\n\t\t<footer>\n\t\t\t\t\t\t<span class=\"author\">adminlogifin<\/span>\n\t\t\t<strong>&mdash;<\/strong>\n\t\t\t\t\t\t\t\t\t<span class=\"data\">f\u00e9vrier 4, 2019<\/span>\n\t\t\t\t\t<\/footer>\n\t\t<span class=\"plus ion-ios-plus-empty brand-color\"><\/span>\n\t<\/div>\n\t\n<\/div><\/div><div class=\"clear\"><\/div><\/div><div class=\" vc_col-lg-3 vc_col-md-3 vc_col-sm-6 vc_col-xs-12 blog-post-masonry masonry-block post-offset norebro-card-wrapper grid-item data-lazy-item=\"true\"><div  data-aos-once=\"true\" data-aos=\"fade-up\" data-aos-delay=\"100\"><div class=\"blog-grid grid-4\" >\n\t\n\t<div class=\"content\">\n\t\t\t\t<div class=\"tags\">\n\t\t\t\t\t\t\t<a class=\"tag brand-bg-color brand-border-color\" href=\"https:\/\/www.logifin.ma\/2018\/category\/offres-emplois\/\">\n\t\t\t\t\tOffres Emplois\t\t\t\t<\/a>\n\t\t\t\t\t<\/div>\n\t\t\t\t\n\t\t<h3>\n\t\t\t\t\t\t<a href=\"https:\/\/www.logifin.ma\/2018\/responsable-commercial-zone-fez-et-nord\/\">\n\t\t\t\tResponsable commercial zone Fez et Nord\t\t\t<\/a>\n\t\t<\/h3>\n\t\t\t\t<p>\n\t\t\t[vc_row][vc_column][vc_empty_space height=\u00a0\u00bb50px\u00a0\u00bb][vc_empty_space][vc_single_image image=\u00a0\u00bb5674949&Prime; img_size=\u00a0\u00bbfull\u00a0\u00bb alignment=\u00a0\u00bbcenter\u00a0\u00bb][vc_empty_space][vc_column_text]Description&hellip;\t\t<\/p>\n\t\t\n\t\t<footer>\n\t\t\t\t\t\t<span class=\"author\">adminlogifin<\/span>\n\t\t\t<strong>&mdash;<\/strong>\n\t\t\t\t\t\t\t\t\t<span class=\"data\">janvier 2, 2019<\/span>\n\t\t\t\t\t<\/footer>\n\t\t<span class=\"plus ion-ios-plus-empty brand-color\"><\/span>\n\t<\/div>\n\t\n<\/div><\/div><div class=\"clear\"><\/div><\/div><\/div>\t\r\n<\/div>[vc_empty_space el_class=\u00a0\u00bbnorebro-phone-space\u00a0\u00bb][\/vc_column][\/vc_row]\n","protected":false},"excerpt":{"rendered":"<p>[vc_row full_width=\u00a0\u00bbstretch_row\u00a0\u00bb css=\u00a0\u00bb.vc_custom_1533758631401{background-image: url(https:\/\/www.logifin.ma\/2018\/wp-content\/uploads\/2018\/08\/slide1bis.png?id=5674140) !important;}\u00a0\u00bb][vc_column width=\u00a0\u00bb2\/3&Prime;][vc_row_inner content_placement=\u00a0\u00bbmiddle\u00a0\u00bb css=\u00a0\u00bb.vc_custom_1533655574734{margin-right: 50px !important;margin-left: 50px !important;}\u00a0\u00bb][vc_column_inner][vc_empty_space height=\u00a0\u00bb90px\u00a0\u00bb][vc_empty_space height=\u00a0\u00bb32&Prime;][\/vc_column_inner][\/vc_row_inner][\/vc_column][vc_column width=\u00a0\u00bb1\/3&Prime;][vc_empty_space height=\u00a0\u00bb250px\u00a0\u00bb][vc_single_image image=\u00a0\u00bb5674493&Prime; img_size=\u00a0\u00bbfull\u00a0\u00bb alignment=\u00a0\u00bbright\u00a0\u00bb][vc_empty_space height=\u00a0\u00bb32&Prime;][\/vc_column][\/vc_row][vc_row full_width=\u00a0\u00bbstretch_row\u00a0\u00bb css=\u00a0\u00bb.vc_custom_1533821774983{background-color: #f4f4f4 !important;}\u00a0\u00bb][vc_column][vc_row_inner content_placement=\u00a0\u00bbmiddle\u00a0\u00bb css=\u00a0\u00bb.vc_custom_1533655574734{margin-right: 50px !important;margin-left: 50px !important;}\u00a0\u00bb][vc_column_inner][vc_single_image image=\u00a0\u00bb5674691&Prime; img_size=\u00a0\u00bbfull\u00a0\u00bb][\/vc_column_inner][\/vc_row_inner][\/vc_column][\/vc_row][vc_row full_width=\u00a0\u00bbstretch_row\u00a0\u00bb][vc_column width=\u00a0\u00bb1\/2&Prime;][vc_empty_space height=\u00a0\u00bb50px\u00a0\u00bb][vc_empty_space][vc_empty_space height=\u00a0\u00bb90px\u00a0\u00bb][\/vc_column][vc_column width=\u00a0\u00bb1\/2&Prime;][vc_empty_space height=\u00a0\u00bb50px\u00a0\u00bb][vc_empty_space][\/vc_column][\/vc_row][vc_row content_placement=\u00a0\u00bbmiddle\u00a0\u00bb][vc_column][vc_raw_html]JTVCd3BfYWRfY2FtcF8zJTVE[\/vc_raw_html][\/vc_column][\/vc_row][vc_row full_width=\u00a0\u00bbstretch_row_content_no_spaces\u00a0\u00bb content_placement=\u00a0\u00bbmiddle\u00a0\u00bb parallax=\u00a0\u00bbcontent-moving\u00a0\u00bb parallax_image=\u00a0\u00bb5674293&Prime; css_animation=\u00a0\u00bbfadeIn\u00a0\u00bb side_background_title_alignment=\u00a0\u00bbright\u00a0\u00bb side_background_title_color=\u00a0\u00bbbrand\u00a0\u00bb][vc_column][vc_empty_space height=\u00a0\u00bb30px\u00a0\u00bb][\/vc_column][\/vc_row][vc_row full_width=\u00a0\u00bbstretch_row\u00a0\u00bb css=\u00a0\u00bb.vc_custom_1533713367180{margin-right: 20px !important;margin-left: 50px !important;background-color: #263556 !important;}\u00a0\u00bb [&hellip;]<\/p>\n","protected":false},"author":1,"featured_media":0,"parent":0,"menu_order":0,"comment_status":"closed","ping_status":"closed","template":"","meta":{"footnotes":""},"_links":{"self":[{"href":"https:\/\/www.logifin.ma\/2018\/wp-json\/wp\/v2\/pages\/5674044"}],"collection":[{"href":"https:\/\/www.logifin.ma\/2018\/wp-json\/wp\/v2\/pages"}],"about":[{"href":"https:\/\/www.logifin.ma\/2018\/wp-json\/wp\/v2\/types\/page"}],"author":[{"embeddable":true,"href":"https:\/\/www.logifin.ma\/2018\/wp-json\/wp\/v2\/users\/1"}],"replies":[{"embeddable":true,"href":"https:\/\/www.logifin.ma\/2018\/wp-json\/wp\/v2\/comments?post=5674044"}],"version-history":[{"count":22,"href":"https:\/\/www.logifin.ma\/2018\/wp-json\/wp\/v2\/pages\/5674044\/revisions"}],"predecessor-version":[{"id":5675098,"href":"https:\/\/www.logifin.ma\/2018\/wp-json\/wp\/v2\/pages\/5674044\/revisions\/5675098"}],"wp:attachment":[{"href":"https:\/\/www.logifin.ma\/2018\/wp-json\/wp\/v2\/media?parent=5674044"}],"curies":[{"name":"wp","href":"https:\/\/api.w.org\/{rel}","templated":true}]}}