{"id":5674053,"date":"2018-07-24T11:25:48","date_gmt":"2018-07-24T11:25:48","guid":{"rendered":"https:\/\/www.logifin.ma\/2018\/?page_id=5674053"},"modified":"2023-08-08T11:56:52","modified_gmt":"2023-08-08T11:56:52","slug":"conseil-en-organisation","status":"publish","type":"page","link":"https:\/\/www.logifin.ma\/2018\/conseil-en-organisation\/","title":{"rendered":"CONSEIL EN ORGANISATION"},"content":{"rendered":"[vc_row full_width=\u00a0\u00bbstretch_row\u00a0\u00bb css=\u00a0\u00bb.vc_custom_1533836246206{background-image: url(https:\/\/www.logifin.ma\/2018\/wp-content\/uploads\/2018\/08\/expertise_logifin-1.png?id=5674390) !important;}\u00a0\u00bb][vc_column width=\u00a0\u00bb2\/3&Prime;][vc_row_inner content_placement=\u00a0\u00bbmiddle\u00a0\u00bb css=\u00a0\u00bb.vc_custom_1533655574734{margin-right: 50px !important;margin-left: 50px !important;}\u00a0\u00bb][vc_column_inner][vc_empty_space height=\u00a0\u00bb90px\u00a0\u00bb]<div class=\"norebro-heading-sc heading text-left\"\r\n\tid=\"norebro-custom-69e1eee2d23ec\" \r\n\t data-aos=\"fade-up\" \r\n\t>\r\n\t\r\n\t\r\n\t\r\n\t<h2 class=\"title\">\r\n\t\tAccompagnement \u00e0 l\u2019Excellence\t<\/h2>\r\n\r\n\t\r\n\t\t\t<p class=\"subtitle\">\r\n\t\t\tExperts en accompagnement pour am\u00e9liorer et rationaliser tous les processus impliqu\u00e9s dans la gestion d'entreprise.\t\t<\/p>\r\n\t\t\r\n<\/div>[vc_empty_space height=\u00a0\u00bb32&Prime;][\/vc_column_inner][\/vc_row_inner][\/vc_column][vc_column width=\u00a0\u00bb1\/3&Prime;][vc_empty_space height=\u00a0\u00bb250px\u00a0\u00bb][vc_empty_space height=\u00a0\u00bb32&Prime;][vc_single_image image=\u00a0\u00bb5674586&Prime; img_size=\u00a0\u00bbfull\u00a0\u00bb alignment=\u00a0\u00bbright\u00a0\u00bb][vc_raw_html]JTVCd3BfYWRfY2FtcF81JTVE[\/vc_raw_html][\/vc_column][\/vc_row][vc_row full_width=\u00a0\u00bbstretch_row\u00a0\u00bb css=\u00a0\u00bb.vc_custom_1533821774983{background-color: #f4f4f4 !important;}\u00a0\u00bb][vc_column][vc_row_inner content_placement=\u00a0\u00bbmiddle\u00a0\u00bb css=\u00a0\u00bb.vc_custom_1533655574734{margin-right: 50px !important;margin-left: 50px !important;}\u00a0\u00bb][vc_column_inner][vc_single_image image=\u00a0\u00bb5674436&Prime; img_size=\u00a0\u00bbfull\u00a0\u00bb][\/vc_column_inner][\/vc_row_inner][\/vc_column][\/vc_row][vc_row full_width=\u00a0\u00bbstretch_row\u00a0\u00bb gap=\u00a0\u00bb30&Prime;][vc_column width=\u00a0\u00bb1\/2&Prime;][vc_empty_space height=\u00a0\u00bb50px\u00a0\u00bb]<div class=\"norebro-heading-sc heading text-left\"\r\n\tid=\"norebro-custom-69e1eee2e117a\" \r\n\t \r\n\t>\r\n\t\r\n\t\r\n\t\r\n\t<h4 class=\"title\">\r\n\t\tLOGIFIN CONSEIL intervient dans les processus d'organisation des entreprises qui consiste en la refonte de l'organisation en fonction de l'objectif principal de l'entreprise. Il vise \u00e0 optimiser l'utilisation des ressources disponibles.\t<\/h4>\r\n\r\n\t\t\t<div class=\"divider\"><\/div>\r\n\t\r\n\t\t\r\n<\/div><div class=\"norebro-text-sc \" \r\n\tid=\"norebro-custom-69e1eee2e14cc\" \r\n\t \r\n\t>\r\n\r\n\t<p>Nous analysons la structure organisationnelle de l&rsquo;entreprise, \u00e9valuons la restructuration n\u00e9cessaire pour mieux r\u00e9pondre aux besoins des clients.<\/p>\n<p>Nous identifions les processus m\u00e9tier cl\u00e9s pour am\u00e9liorer la qualit\u00e9 des services en moins de temps et au moindre co\u00fbt. Plus grande capacit\u00e9 \u00e0 r\u00e9pondre aux besoins et aux attentes changeants des clients. Meilleur positionnement Optimisation des ressources et des connaissances existantes dans l&rsquo;organisation pour r\u00e9soudre les probl\u00e8mes \u00e9ventuels et apporter une valeur ajout\u00e9e \u00e0 tous les stades et dans tous les processus.<\/p>\n<p>L&rsquo;<strong>organisation<\/strong> est orient\u00e9e vers le processus en concevant une nouvelle m\u00e9thodologie, qui n\u00e9cessite une dose consid\u00e9rable de cr\u00e9ativit\u00e9 et d\u2019id\u00e9es r\u00e9volutionnaires. \u00c9tant une forme de changement organisationnel, cela impliquera des ajustements de nombreuses structures et syst\u00e8mes.<\/p>\n<p>Faisant partie de la direction des entreprises, ce sont les audits de gestion, ils ont comme objectif d&rsquo;analyser la structure de l&rsquo;entreprise, la structure administrative, son organisation, les plans d&rsquo;affaires et de marketing, la politique commerciale de l&rsquo;entreprise et les outils de gestion qu&rsquo;ils ont. Avec l&rsquo;objectif d&rsquo;obtenir une vision d\u00e9taill\u00e9e qui refl\u00e8te la r\u00e9alit\u00e9 du secteur, ses lacunes et les possibilit\u00e9s d&rsquo;am\u00e9lioration.<\/p>\n<p>Ce processus dans lequel intervient <strong>LOGIFIN Conseil<\/strong> en tant que consultant constitue la premi\u00e8re \u00e9tape de nos services de conseil en gestion et en planification strat\u00e9gique. Ce processus fournit des informations pr\u00e9cieuses et nous permet de d\u00e9velopper efficacement nos outils de gestion dans l&rsquo;entreprise.<\/p>\n<p>Les r\u00e9sultats d\u00e9tecteront et analyseront la situation du secteur, g\u00e9n\u00e9rant les informations n\u00e9cessaires pour identifier les probl\u00e8mes ou les obstacles, promouvoir des ressources inexploit\u00e9es et d\u00e9velopper des solutions permettant de r\u00e9soudre les probl\u00e8mes et de mettre en \u0153uvre de nouvelles actions visant \u00e0 am\u00e9liorer les activit\u00e9s de nos clients.<\/p>\n<p>Nous proposons une vision objective et ind\u00e9pendante, qui permet de corriger les difficult\u00e9s, de conseiller les d\u00e9cisions et de fournir les conseils n\u00e9cessaires pour que ceux-ci soient les plus viables.<\/p>\n\t\r\n<\/div>[vc_empty_space height=\u00a0\u00bb90px\u00a0\u00bb][\/vc_column][vc_column width=\u00a0\u00bb1\/2&Prime;][vc_empty_space height=\u00a0\u00bb50px\u00a0\u00bb][vc_single_image image=\u00a0\u00bb5674748&Prime; img_size=\u00a0\u00bbfull\u00a0\u00bb alignment=\u00a0\u00bbcenter\u00a0\u00bb style=\u00a0\u00bbvc_box_shadow_3d\u00a0\u00bb][vc_empty_space height=\u00a0\u00bb50px\u00a0\u00bb][\/vc_column][\/vc_row][vc_row full_width=\u00a0\u00bbstretch_row_content_no_spaces\u00a0\u00bb content_placement=\u00a0\u00bbmiddle\u00a0\u00bb parallax=\u00a0\u00bbcontent-moving\u00a0\u00bb parallax_image=\u00a0\u00bb5674433&Prime; css_animation=\u00a0\u00bbfadeIn\u00a0\u00bb side_background_title_alignment=\u00a0\u00bbright\u00a0\u00bb side_background_title_color=\u00a0\u00bbbrand\u00a0\u00bb][vc_column]<div class=\"norebro-heading-sc heading text-center\"\r\n\tid=\"norebro-custom-69e1eee2e1558\" \r\n\t \r\n\t>\r\n\t\r\n\t\t\t<p class=\"subtitle\">\r\n\t\t\t\t\t<\/p>\r\n\t\r\n\t\r\n\t<h3 class=\"title subtitle-top\">\r\n\t\tUne expertise au service du d\u00e9veloppement & de l'innovation\t<\/h3>\r\n\r\n\t\r\n\t\t\r\n<\/div><div class=\"norebro-text-sc \" \r\n\tid=\"norebro-custom-69e1eee2e15be\" \r\n\t \r\n\t>\r\n\r\n\t<p style=\"text-align: center;\"><span style=\"color: #ffffff;\"><strong><a style=\"color: #ffffff;\" href=\"https:\/\/www.logifin.ma\">LOGIFIN Conseil<\/a>\u00a0<\/strong>\u00a0met son exp\u00e9rience et son expertise au service de ses clients et partenaires dans des domaines vari\u00e9s<br \/>\nen pr\u00e9conisant des solutions innovatrices et efficaces pour optimiser vos investissements.<\/span><\/p>\n\t\r\n<\/div>[vc_empty_space height=\u00a0\u00bb30px\u00a0\u00bb][\/vc_column][\/vc_row][vc_row full_width=\u00a0\u00bbstretch_row\u00a0\u00bb css=\u00a0\u00bb.vc_custom_1533918748932{margin-right: 20px !important;margin-left: 50px !important;background-color: #293499 !important;}\u00a0\u00bb side_background_title_color=\u00a0\u00bb#263556&Prime;][vc_column width=\u00a0\u00bb1\/4&Prime;][vc_empty_space height=\u00a0\u00bb30px\u00a0\u00bb]<div class=\"norebro-icon-box-sc icon-box text-center\" \r\n\tid=\"norebro-custom-69e1eee2e19d8\" \r\n\t \r\n\t>\r\n\r\n\t<div class=\"icon-wrap shape-border shape-rounded\">\r\n\t\t\t\t\t<img src=\"https:\/\/www.logifin.ma\/2018\/wp-content\/uploads\/2018\/08\/11.png\" alt=\"CONSEIL STRAT\u00c9GIQUE\">\r\n\t\t\t<\/div>\r\n\r\n\t<div class=\"content-wrap\">\r\n\r\n\t\t<div class=\"content-center with-full\">\r\n\t\t\t<div class=\"wrap\">\r\n\t\t\t\t<h3>CONSEIL STRAT\u00c9GIQUE<\/h3>\r\n\t\t\t\t\t\t\t<\/div>\r\n\t\t<\/div>\r\n\t\t\r\n\t\t\t<\/div>\r\n\t\t\r\n\t\t<p class=\"description content-full\">\r\n\t\t\t\t\t<\/p>\r\n\r\n\t\t\r\n\t\t\r\n<\/div>[vc_empty_space height=\u00a0\u00bb15px\u00a0\u00bb]<div class=\"norebro-icon-box-sc icon-box text-center\" \r\n\tid=\"norebro-custom-69e1eee2e1c1b\" \r\n\t \r\n\t>\r\n\r\n\t<div class=\"icon-wrap shape-border shape-rounded\">\r\n\t\t\t\t\t<img src=\"https:\/\/www.logifin.ma\/2018\/wp-content\/uploads\/2018\/08\/9.png\" alt=\"CONSEIL RH\">\r\n\t\t\t<\/div>\r\n\r\n\t<div class=\"content-wrap\">\r\n\r\n\t\t<div class=\"content-center with-full\">\r\n\t\t\t<div class=\"wrap\">\r\n\t\t\t\t<h3>CONSEIL RH<\/h3>\r\n\t\t\t\t\t\t\t<\/div>\r\n\t\t<\/div>\r\n\t\t\r\n\t\t\t<\/div>\r\n\t\t\r\n\t\t<p class=\"description content-full\">\r\n\t\t\t\t\t<\/p>\r\n\r\n\t\t\r\n\t\t\r\n<\/div>[vc_empty_space height=\u00a0\u00bb15px\u00a0\u00bb][\/vc_column][vc_column width=\u00a0\u00bb1\/4&Prime;][vc_empty_space height=\u00a0\u00bb30px\u00a0\u00bb]<div class=\"norebro-icon-box-sc icon-box text-center\" \r\n\tid=\"norebro-custom-69e1eee2e1e07\" \r\n\t \r\n\t>\r\n\r\n\t<div class=\"icon-wrap shape-border shape-rounded\">\r\n\t\t\t\t\t<img src=\"https:\/\/www.logifin.ma\/2018\/wp-content\/uploads\/2018\/08\/2.png\" alt=\"CONSEIL EN ORGANISATION\">\r\n\t\t\t<\/div>\r\n\r\n\t<div class=\"content-wrap\">\r\n\r\n\t\t<div class=\"content-center with-full\">\r\n\t\t\t<div class=\"wrap\">\r\n\t\t\t\t<h3>CONSEIL EN ORGANISATION<\/h3>\r\n\t\t\t\t\t\t\t<\/div>\r\n\t\t<\/div>\r\n\t\t\r\n\t\t\t<\/div>\r\n\t\t\r\n\t\t<p class=\"description content-full\">\r\n\t\t\t\t\t<\/p>\r\n\r\n\t\t\r\n\t\t\r\n<\/div>[vc_empty_space height=\u00a0\u00bb15px\u00a0\u00bb]<div class=\"norebro-icon-box-sc icon-box text-center\" \r\n\tid=\"norebro-custom-69e1eee2e1fe2\" \r\n\t \r\n\t>\r\n\r\n\t<div class=\"icon-wrap shape-border shape-rounded\">\r\n\t\t\t\t\t<img src=\"https:\/\/www.logifin.ma\/2018\/wp-content\/uploads\/2018\/08\/3.png\" alt=\"CONSEIL EN ASSURANCE\">\r\n\t\t\t<\/div>\r\n\r\n\t<div class=\"content-wrap\">\r\n\r\n\t\t<div class=\"content-center with-full\">\r\n\t\t\t<div class=\"wrap\">\r\n\t\t\t\t<h3>CONSEIL EN ASSURANCE<\/h3>\r\n\t\t\t\t\t\t\t<\/div>\r\n\t\t<\/div>\r\n\t\t\r\n\t\t\t<\/div>\r\n\t\t\r\n\t\t<p class=\"description content-full\">\r\n\t\t\t\t\t<\/p>\r\n\r\n\t\t\r\n\t\t\r\n<\/div>[vc_empty_space height=\u00a0\u00bb15px\u00a0\u00bb][\/vc_column][vc_column width=\u00a0\u00bb1\/4&Prime;][vc_empty_space height=\u00a0\u00bb30px\u00a0\u00bb]<div class=\"norebro-icon-box-sc icon-box text-center\" \r\n\tid=\"norebro-custom-69e1eee2e21ce\" \r\n\t \r\n\t>\r\n\r\n\t<div class=\"icon-wrap shape-border shape-rounded\">\r\n\t\t\t\t\t<img src=\"https:\/\/www.logifin.ma\/2018\/wp-content\/uploads\/2018\/08\/12.png\" alt=\"CONSEIL FINANCIER\">\r\n\t\t\t<\/div>\r\n\r\n\t<div class=\"content-wrap\">\r\n\r\n\t\t<div class=\"content-center with-full\">\r\n\t\t\t<div class=\"wrap\">\r\n\t\t\t\t<h3>CONSEIL FINANCIER<\/h3>\r\n\t\t\t\t\t\t\t<\/div>\r\n\t\t<\/div>\r\n\t\t\r\n\t\t\t<\/div>\r\n\t\t\r\n\t\t<p class=\"description content-full\">\r\n\t\t\t\t\t<\/p>\r\n\r\n\t\t\r\n\t\t\r\n<\/div>[vc_empty_space height=\u00a0\u00bb15px\u00a0\u00bb]<div class=\"norebro-icon-box-sc icon-box text-center\" \r\n\tid=\"norebro-custom-69e1eee2e23ad\" \r\n\t \r\n\t>\r\n\r\n\t<div class=\"icon-wrap shape-border shape-rounded\">\r\n\t\t\t\t\t<img src=\"https:\/\/www.logifin.ma\/2018\/wp-content\/uploads\/2018\/08\/13-1.png\" alt=\"CONSEIL JURIDIQUE\">\r\n\t\t\t<\/div>\r\n\r\n\t<div class=\"content-wrap\">\r\n\r\n\t\t<div class=\"content-center with-full\">\r\n\t\t\t<div class=\"wrap\">\r\n\t\t\t\t<h3>CONSEIL JURIDIQUE<\/h3>\r\n\t\t\t\t\t\t\t<\/div>\r\n\t\t<\/div>\r\n\t\t\r\n\t\t\t<\/div>\r\n\t\t\r\n\t\t<p class=\"description content-full\">\r\n\t\t\t\t\t<\/p>\r\n\r\n\t\t\r\n\t\t\r\n<\/div>[vc_empty_space height=\u00a0\u00bb15px\u00a0\u00bb][\/vc_column][vc_column width=\u00a0\u00bb1\/4&Prime;][vc_empty_space height=\u00a0\u00bb30px\u00a0\u00bb]<div class=\"norebro-icon-box-sc icon-box text-center\" \r\n\tid=\"norebro-custom-69e1eee2e2598\" \r\n\t \r\n\t>\r\n\r\n\t<div class=\"icon-wrap shape-border shape-rounded\">\r\n\t\t\t\t\t<img src=\"https:\/\/www.logifin.ma\/2018\/wp-content\/uploads\/2018\/08\/6.png\" alt=\"CONSEIL FISCAL\">\r\n\t\t\t<\/div>\r\n\r\n\t<div class=\"content-wrap\">\r\n\r\n\t\t<div class=\"content-center with-full\">\r\n\t\t\t<div class=\"wrap\">\r\n\t\t\t\t<h3>CONSEIL FISCAL<\/h3>\r\n\t\t\t\t\t\t\t<\/div>\r\n\t\t<\/div>\r\n\t\t\r\n\t\t\t<\/div>\r\n\t\t\r\n\t\t<p class=\"description content-full\">\r\n\t\t\t\t\t<\/p>\r\n\r\n\t\t\r\n\t\t\r\n<\/div>[vc_empty_space height=\u00a0\u00bb15px\u00a0\u00bb]<div class=\"norebro-icon-box-sc icon-box text-center\" \r\n\tid=\"norebro-custom-69e1eee2e277a\" \r\n\t \r\n\t>\r\n\r\n\t<div class=\"icon-wrap shape-border shape-rounded\">\r\n\t\t\t\t\t<img src=\"https:\/\/www.logifin.ma\/2018\/wp-content\/uploads\/2018\/08\/8.png\" alt=\"SUPERVISION COMPTABLES\">\r\n\t\t\t<\/div>\r\n\r\n\t<div class=\"content-wrap\">\r\n\r\n\t\t<div class=\"content-center with-full\">\r\n\t\t\t<div class=\"wrap\">\r\n\t\t\t\t<h3>SUPERVISION COMPTABLES<\/h3>\r\n\t\t\t\t\t\t\t<\/div>\r\n\t\t<\/div>\r\n\t\t\r\n\t\t\t<\/div>\r\n\t\t\r\n\t\t<p class=\"description content-full\">\r\n\t\t\t\t\t<\/p>\r\n\r\n\t\t\r\n\t\t\r\n<\/div>[vc_empty_space height=\u00a0\u00bb15px\u00a0\u00bb][\/vc_column][\/vc_row][vc_row full_width=\u00a0\u00bbstretch_row\u00a0\u00bb content_placement=\u00a0\u00bbmiddle\u00a0\u00bb css=\u00a0\u00bb.vc_custom_1535196012232{background-color: #263556 !important;}\u00a0\u00bb][vc_column][vc_empty_space el_class=\u00a0\u00bbnorebro-phone-space\u00a0\u00bb]<div class=\"norebro-heading-sc heading text-center\"\r\n\tid=\"norebro-custom-69e1eee2e2804\" \r\n\t \r\n\t>\r\n\t\r\n\t\t\t<p class=\"subtitle\">\r\n\t\t\t\t\t<\/p>\r\n\t\r\n\t\r\n\t<h3 class=\"title subtitle-top\">\r\n\t\tCARRI\u00c8RES & EMPLOIS\t<\/h3>\r\n\r\n\t\r\n\t\t\r\n<\/div>[vc_empty_space height=\u00a0\u00bb10px\u00a0\u00bb]<div class=\"norebro-text-sc \" \r\n\tid=\"norebro-custom-69e1eee2e2875\" \r\n\t \r\n\t>\r\n\r\n\t<p style=\"text-align: center;\"><span style=\"color: #ffffff;\">Consultez R\u00e9guli\u00e8rement notre rubrique Carri\u00e8res e&amp; Emplois pour recueillir les derni\u00e8res offres de recrutement.<\/span><\/p>\n\t\r\n<\/div><div class=\"norebro-recent-posts-sc vc_row blog-posts-masonry\" \r\n\tid=\"norebro-custom-69e1eee2e35e1\"\r\n\t \r\n\t>\r\n\r\n\t<div class=\"norebro-masonry\" data-lazy-container=\"true\"><div class=\" vc_col-lg-3 vc_col-md-3 vc_col-sm-6 vc_col-xs-12 blog-post-masonry masonry-block post-offset norebro-card-wrapper grid-item data-lazy-item=\"true\"><div  data-aos-once=\"true\" data-aos=\"fade-up\" data-aos-delay=\"0\"><div class=\"blog-grid grid-4\" >\n\t\n\t<div class=\"content\">\n\t\t\t\t<div class=\"tags\">\n\t\t\t\t\t\t\t<a class=\"tag brand-bg-color brand-border-color\" href=\"https:\/\/www.logifin.ma\/2018\/category\/offres-emplois\/\">\n\t\t\t\t\tOffres Emplois\t\t\t\t<\/a>\n\t\t\t\t\t<\/div>\n\t\t\t\t\n\t\t<h3>\n\t\t\t\t\t\t<a href=\"https:\/\/www.logifin.ma\/2018\/offre003-19\/\">\n\t\t\t\tResponsable Juridique &amp; Administratif\t\t\t<\/a>\n\t\t<\/h3>\n\t\t\t\t<p>\n\t\t\t[vc_row][vc_column][vc_empty_space height=\u00a0\u00bb50px\u00a0\u00bb][vc_empty_space][vc_column_text]Description Cabinet de renomm\u00e9\u00a0 en conseil comptable fiscal et financier\u00a0&hellip;\t\t<\/p>\n\t\t\n\t\t<footer>\n\t\t\t\t\t\t<span class=\"author\">adminlogifin<\/span>\n\t\t\t<strong>&mdash;<\/strong>\n\t\t\t\t\t\t\t\t\t<span class=\"data\">f\u00e9vrier 4, 2019<\/span>\n\t\t\t\t\t<\/footer>\n\t\t<span class=\"plus ion-ios-plus-empty brand-color\"><\/span>\n\t<\/div>\n\t\n<\/div><\/div><div class=\"clear\"><\/div><\/div><div class=\" vc_col-lg-3 vc_col-md-3 vc_col-sm-6 vc_col-xs-12 blog-post-masonry masonry-block post-offset norebro-card-wrapper grid-item data-lazy-item=\"true\"><div  data-aos-once=\"true\" data-aos=\"fade-up\" data-aos-delay=\"100\"><div class=\"blog-grid grid-4\" >\n\t\n\t<div class=\"content\">\n\t\t\t\t<div class=\"tags\">\n\t\t\t\t\t\t\t<a class=\"tag brand-bg-color brand-border-color\" href=\"https:\/\/www.logifin.ma\/2018\/category\/offres-emplois\/\">\n\t\t\t\t\tOffres Emplois\t\t\t\t<\/a>\n\t\t\t\t\t<\/div>\n\t\t\t\t\n\t\t<h3>\n\t\t\t\t\t\t<a href=\"https:\/\/www.logifin.ma\/2018\/responsable-commercial-zone-fez-et-nord\/\">\n\t\t\t\tResponsable commercial zone Fez et Nord\t\t\t<\/a>\n\t\t<\/h3>\n\t\t\t\t<p>\n\t\t\t[vc_row][vc_column][vc_empty_space height=\u00a0\u00bb50px\u00a0\u00bb][vc_empty_space][vc_single_image image=\u00a0\u00bb5674949&Prime; img_size=\u00a0\u00bbfull\u00a0\u00bb alignment=\u00a0\u00bbcenter\u00a0\u00bb][vc_empty_space][vc_column_text]Description&hellip;\t\t<\/p>\n\t\t\n\t\t<footer>\n\t\t\t\t\t\t<span class=\"author\">adminlogifin<\/span>\n\t\t\t<strong>&mdash;<\/strong>\n\t\t\t\t\t\t\t\t\t<span class=\"data\">janvier 2, 2019<\/span>\n\t\t\t\t\t<\/footer>\n\t\t<span class=\"plus ion-ios-plus-empty brand-color\"><\/span>\n\t<\/div>\n\t\n<\/div><\/div><div class=\"clear\"><\/div><\/div><\/div>\t\r\n<\/div>[vc_empty_space el_class=\u00a0\u00bbnorebro-phone-space\u00a0\u00bb][\/vc_column][\/vc_row]\n","protected":false},"excerpt":{"rendered":"<p>[vc_row full_width=\u00a0\u00bbstretch_row\u00a0\u00bb css=\u00a0\u00bb.vc_custom_1533836246206{background-image: url(https:\/\/www.logifin.ma\/2018\/wp-content\/uploads\/2018\/08\/expertise_logifin-1.png?id=5674390) !important;}\u00a0\u00bb][vc_column width=\u00a0\u00bb2\/3&Prime;][vc_row_inner content_placement=\u00a0\u00bbmiddle\u00a0\u00bb css=\u00a0\u00bb.vc_custom_1533655574734{margin-right: 50px !important;margin-left: 50px !important;}\u00a0\u00bb][vc_column_inner][vc_empty_space height=\u00a0\u00bb90px\u00a0\u00bb][vc_empty_space height=\u00a0\u00bb32&Prime;][\/vc_column_inner][\/vc_row_inner][\/vc_column][vc_column width=\u00a0\u00bb1\/3&Prime;][vc_empty_space height=\u00a0\u00bb250px\u00a0\u00bb][vc_empty_space height=\u00a0\u00bb32&Prime;][vc_single_image image=\u00a0\u00bb5674586&Prime; img_size=\u00a0\u00bbfull\u00a0\u00bb alignment=\u00a0\u00bbright\u00a0\u00bb][vc_raw_html]JTVCd3BfYWRfY2FtcF81JTVE[\/vc_raw_html][\/vc_column][\/vc_row][vc_row full_width=\u00a0\u00bbstretch_row\u00a0\u00bb css=\u00a0\u00bb.vc_custom_1533821774983{background-color: #f4f4f4 !important;}\u00a0\u00bb][vc_column][vc_row_inner content_placement=\u00a0\u00bbmiddle\u00a0\u00bb css=\u00a0\u00bb.vc_custom_1533655574734{margin-right: 50px !important;margin-left: 50px !important;}\u00a0\u00bb][vc_column_inner][vc_single_image image=\u00a0\u00bb5674436&Prime; img_size=\u00a0\u00bbfull\u00a0\u00bb][\/vc_column_inner][\/vc_row_inner][\/vc_column][\/vc_row][vc_row full_width=\u00a0\u00bbstretch_row\u00a0\u00bb gap=\u00a0\u00bb30&Prime;][vc_column width=\u00a0\u00bb1\/2&Prime;][vc_empty_space height=\u00a0\u00bb50px\u00a0\u00bb][vc_empty_space height=\u00a0\u00bb90px\u00a0\u00bb][\/vc_column][vc_column width=\u00a0\u00bb1\/2&Prime;][vc_empty_space height=\u00a0\u00bb50px\u00a0\u00bb][vc_single_image image=\u00a0\u00bb5674748&Prime; img_size=\u00a0\u00bbfull\u00a0\u00bb alignment=\u00a0\u00bbcenter\u00a0\u00bb style=\u00a0\u00bbvc_box_shadow_3d\u00a0\u00bb][vc_empty_space height=\u00a0\u00bb50px\u00a0\u00bb][\/vc_column][\/vc_row][vc_row full_width=\u00a0\u00bbstretch_row_content_no_spaces\u00a0\u00bb content_placement=\u00a0\u00bbmiddle\u00a0\u00bb parallax=\u00a0\u00bbcontent-moving\u00a0\u00bb parallax_image=\u00a0\u00bb5674433&Prime; css_animation=\u00a0\u00bbfadeIn\u00a0\u00bb side_background_title_alignment=\u00a0\u00bbright\u00a0\u00bb side_background_title_color=\u00a0\u00bbbrand\u00a0\u00bb][vc_column][vc_empty_space height=\u00a0\u00bb30px\u00a0\u00bb][\/vc_column][\/vc_row][vc_row full_width=\u00a0\u00bbstretch_row\u00a0\u00bb css=\u00a0\u00bb.vc_custom_1533918748932{margin-right: 20px [&hellip;]<\/p>\n","protected":false},"author":1,"featured_media":0,"parent":0,"menu_order":0,"comment_status":"closed","ping_status":"closed","template":"","meta":{"footnotes":""},"_links":{"self":[{"href":"https:\/\/www.logifin.ma\/2018\/wp-json\/wp\/v2\/pages\/5674053"}],"collection":[{"href":"https:\/\/www.logifin.ma\/2018\/wp-json\/wp\/v2\/pages"}],"about":[{"href":"https:\/\/www.logifin.ma\/2018\/wp-json\/wp\/v2\/types\/page"}],"author":[{"embeddable":true,"href":"https:\/\/www.logifin.ma\/2018\/wp-json\/wp\/v2\/users\/1"}],"replies":[{"embeddable":true,"href":"https:\/\/www.logifin.ma\/2018\/wp-json\/wp\/v2\/comments?post=5674053"}],"version-history":[{"count":24,"href":"https:\/\/www.logifin.ma\/2018\/wp-json\/wp\/v2\/pages\/5674053\/revisions"}],"predecessor-version":[{"id":5675103,"href":"https:\/\/www.logifin.ma\/2018\/wp-json\/wp\/v2\/pages\/5674053\/revisions\/5675103"}],"wp:attachment":[{"href":"https:\/\/www.logifin.ma\/2018\/wp-json\/wp\/v2\/media?parent=5674053"}],"curies":[{"name":"wp","href":"https:\/\/api.w.org\/{rel}","templated":true}]}}