{"id":5674069,"date":"2018-07-24T11:34:46","date_gmt":"2018-07-24T11:34:46","guid":{"rendered":"https:\/\/www.logifin.ma\/2018\/?page_id=5674069"},"modified":"2023-08-16T17:58:43","modified_gmt":"2023-08-16T17:58:43","slug":"secteurs","status":"publish","type":"page","link":"https:\/\/www.logifin.ma\/2018\/secteurs\/","title":{"rendered":"SECTEURS D&rsquo;INTERVENTION"},"content":{"rendered":"[vc_row full_width=\u00a0\u00bbstretch_row\u00a0\u00bb css=\u00a0\u00bb.vc_custom_1533941052205{background-image: url(https:\/\/www.logifin.ma\/2018\/wp-content\/uploads\/2018\/08\/domaines_intervention_logifin.jpg?id=5674489) !important;}\u00a0\u00bb][vc_column width=\u00a0\u00bb2\/3&Prime;][vc_row_inner content_placement=\u00a0\u00bbmiddle\u00a0\u00bb css=\u00a0\u00bb.vc_custom_1533655574734{margin-right: 50px !important;margin-left: 50px !important;}\u00a0\u00bb][vc_column_inner][vc_empty_space height=\u00a0\u00bb90px\u00a0\u00bb]<div class=\"norebro-heading-sc heading text-left\"\r\n\tid=\"norebro-custom-69fbc632b58fa\" \r\n\t data-aos=\"fade-up\" \r\n\t>\r\n\t\r\n\t\r\n\t\r\n\t<h2 class=\"title\">\r\n\t\tAccompagnement \u00e0 l\u2019Excellence\t<\/h2>\r\n\r\n\t\r\n\t\t\t<p class=\"subtitle\">\r\n\t\t\tExperts en accompagnement pour am\u00e9liorer et rationaliser tous les processus impliqu\u00e9s dans la gestion d'entreprise.\t\t<\/p>\r\n\t\t\r\n<\/div>[vc_empty_space height=\u00a0\u00bb32&Prime;][\/vc_column_inner][\/vc_row_inner][\/vc_column][vc_column width=\u00a0\u00bb1\/3&Prime;][vc_empty_space height=\u00a0\u00bb250px\u00a0\u00bb][vc_single_image image=\u00a0\u00bb5674481&Prime; img_size=\u00a0\u00bbfull\u00a0\u00bb alignment=\u00a0\u00bbright\u00a0\u00bb][vc_empty_space height=\u00a0\u00bb32&Prime;][\/vc_column][\/vc_row][vc_row full_width=\u00a0\u00bbstretch_row\u00a0\u00bb css=\u00a0\u00bb.vc_custom_1533821774983{background-color: #f4f4f4 !important;}\u00a0\u00bb][vc_column][\/vc_column][\/vc_row][vc_row full_width=\u00a0\u00bbstretch_row\u00a0\u00bb css=\u00a0\u00bb.vc_custom_1533821774983{background-color: #f4f4f4 !important;}\u00a0\u00bb][vc_column][vc_row_inner content_placement=\u00a0\u00bbmiddle\u00a0\u00bb css=\u00a0\u00bb.vc_custom_1533655574734{margin-right: 50px !important;margin-left: 50px !important;}\u00a0\u00bb][vc_column_inner][vc_single_image image=\u00a0\u00bb5674491&Prime; img_size=\u00a0\u00bbfull\u00a0\u00bb][\/vc_column_inner][\/vc_row_inner][\/vc_column][\/vc_row][vc_row full_width=\u00a0\u00bbstretch_row\u00a0\u00bb css=\u00a0\u00bb.vc_custom_1533821774983{background-color: #f4f4f4 !important;}\u00a0\u00bb][vc_column][vc_row_inner content_placement=\u00a0\u00bbmiddle\u00a0\u00bb css=\u00a0\u00bb.vc_custom_1533655574734{margin-right: 50px !important;margin-left: 50px !important;}\u00a0\u00bb][vc_column_inner][vc_empty_space height=\u00a0\u00bb32&Prime;][vc_raw_html]JTVCd3BfYWRfY2FtcF8xJTVE[\/vc_raw_html][vc_empty_space height=\u00a0\u00bb32&Prime;][\/vc_column_inner][\/vc_row_inner][\/vc_column][\/vc_row][vc_row full_width=\u00a0\u00bbstretch_row\u00a0\u00bb gap=\u00a0\u00bb30&Prime;][vc_column width=\u00a0\u00bb1\/2&Prime;][vc_empty_space height=\u00a0\u00bb50px\u00a0\u00bb][vc_single_image image=\u00a0\u00bb5674804&Prime; img_size=\u00a0\u00bbfull\u00a0\u00bb alignment=\u00a0\u00bbcenter\u00a0\u00bb style=\u00a0\u00bbvc_box_shadow_3d\u00a0\u00bb][vc_empty_space height=\u00a0\u00bb50px\u00a0\u00bb][\/vc_column][vc_column width=\u00a0\u00bb1\/2&Prime;][vc_empty_space height=\u00a0\u00bb50px\u00a0\u00bb]<div class=\"norebro-heading-sc heading text-left\"\r\n\tid=\"norebro-custom-69fbc632b59ed\" \r\n\t \r\n\t>\r\n\t\r\n\t\r\n\t\r\n\t<h4 class=\"title\">\r\n\t\tLOGIFIN CONSEIL vous accompagne dans la mise en place des grandes orientations de l\u2019entreprise \u00e0 moyen terme et \u00e9met des recommandations sur la nature m\u00eame du business.\t<\/h4>\r\n\r\n\t\t\t<div class=\"divider\"><\/div>\r\n\t\r\n\t\t\r\n<\/div><div class=\"norebro-text-sc \" \r\n\tid=\"norebro-custom-69fbc632b5c39\" \r\n\t \r\n\t>\r\n\r\n\t<p>Chez LOGIFIN CONSEIL nous travaillons et proposons un ensemble de solutions qui contribuent \u00e0 am\u00e9liorer les performances, la productivit\u00e9 et les processus des organisations, en se concentrant sur les domaines de la gestion commerciale, de la gestion marketing, de la technologie de l&rsquo;information, de la logistique et de la distribution.\u00a0 apportant l&rsquo;exp\u00e9rience de plus de 20 ans dans des entreprises reconnues, gr\u00e2ce \u00e0 des solutions pratiques et de m\u00e9thodologies \u00e9prouv\u00e9es.<\/p>\n<p>Il est essentiel de maintenir un \u00e9quilibre ad\u00e9quat entre les co\u00fbts d\u2019exploitation et le niveau de conformit\u00e9 \/ service aux clients, en veillant \u00e0 la qualit\u00e9 des biens produits pour assurer la durabilit\u00e9 de l\u2019entreprise.<\/p>\n<p>Nous\u00a0dispensons de l&rsquo;expertise consolid\u00e9e pour intervenir dans les secteurs suivants :<\/p>\n<ul>\n<li>Textile et cuir et Habillement<\/li>\n<li>H\u00f4tellerie et tourisme<\/li>\n<li>Transport et logistique<\/li>\n<li>Technologies IT<\/li>\n<li>Services financiers, bancaires et assurances<\/li>\n<li>Promotion immobili\u00e8re<\/li>\n<li>Mat\u00e9riel \u00e9lectrique, sanitaire et industriel<\/li>\n<li>Transit<\/li>\n<li>Industrie du c\u00e2ble automobile<\/li>\n<li>Equipements automobiles<\/li>\n<li>B\u00e2timent et travaux publics<\/li>\n<li>Services<\/li>\n<\/ul>\n\t\r\n<\/div>[vc_empty_space height=\u00a0\u00bb20px\u00a0\u00bb][vc_empty_space height=\u00a0\u00bb90px\u00a0\u00bb][\/vc_column][\/vc_row][vc_row full_width=\u00a0\u00bbstretch_row_content_no_spaces\u00a0\u00bb content_placement=\u00a0\u00bbmiddle\u00a0\u00bb parallax=\u00a0\u00bbcontent-moving\u00a0\u00bb parallax_image=\u00a0\u00bb5674433&Prime; css_animation=\u00a0\u00bbfadeIn\u00a0\u00bb side_background_title_alignment=\u00a0\u00bbright\u00a0\u00bb side_background_title_color=\u00a0\u00bbbrand\u00a0\u00bb][vc_column]<div class=\"norebro-heading-sc heading text-center\"\r\n\tid=\"norebro-custom-69fbc632b5c95\" \r\n\t \r\n\t>\r\n\t\r\n\t\t\t<p class=\"subtitle\">\r\n\t\t\t\t\t<\/p>\r\n\t\r\n\t\r\n\t<h3 class=\"title subtitle-top\">\r\n\t\tUne expertise au service du d\u00e9veloppement & de l'innovation\t<\/h3>\r\n\r\n\t\r\n\t\t\r\n<\/div><div class=\"norebro-text-sc \" \r\n\tid=\"norebro-custom-69fbc632b5cef\" \r\n\t \r\n\t>\r\n\r\n\t<p style=\"text-align: center;\"><span style=\"color: #ffffff;\"><strong><a style=\"color: #ffffff;\" href=\"https:\/\/www.logifin.ma\">LOGIFIN Conseil<\/a>\u00a0<\/strong>\u00a0met son exp\u00e9rience et son expertise au service de ses clients et partenaires dans des domaines vari\u00e9s<br \/>\nen pr\u00e9conisant des solutions innovatrices et efficaces pour optimiser vos investissements.<\/span><\/p>\n\t\r\n<\/div>[vc_empty_space height=\u00a0\u00bb30px\u00a0\u00bb][\/vc_column][vc_column][\/vc_column][\/vc_row][vc_row full_width=\u00a0\u00bbstretch_row\u00a0\u00bb css=\u00a0\u00bb.vc_custom_1533918748932{margin-right: 20px !important;margin-left: 50px !important;background-color: #293499 !important;}\u00a0\u00bb side_background_title_color=\u00a0\u00bb#263556&Prime;][vc_column width=\u00a0\u00bb1\/4&Prime;][vc_empty_space height=\u00a0\u00bb30px\u00a0\u00bb]<div class=\"norebro-icon-box-sc icon-box text-center\" \r\n\tid=\"norebro-custom-69fbc632b5eb4\" \r\n\t \r\n\t>\r\n\r\n\t<div class=\"icon-wrap shape-border shape-rounded\">\r\n\t\t\t\t\t<img src=\"https:\/\/www.logifin.ma\/2018\/wp-content\/uploads\/2018\/08\/11.png\" alt=\"CONSEIL STRAT\u00c9GIQUE\">\r\n\t\t\t<\/div>\r\n\r\n\t<div class=\"content-wrap\">\r\n\r\n\t\t<div class=\"content-center with-full\">\r\n\t\t\t<div class=\"wrap\">\r\n\t\t\t\t<h3>CONSEIL STRAT\u00c9GIQUE<\/h3>\r\n\t\t\t\t\t\t\t<\/div>\r\n\t\t<\/div>\r\n\t\t\r\n\t\t\t<\/div>\r\n\t\t\r\n\t\t<p class=\"description content-full\">\r\n\t\t\t\t\t<\/p>\r\n\r\n\t\t\r\n\t\t\r\n<\/div>[vc_empty_space height=\u00a0\u00bb15px\u00a0\u00bb]<div class=\"norebro-icon-box-sc icon-box text-center\" \r\n\tid=\"norebro-custom-69fbc632b60d8\" \r\n\t \r\n\t>\r\n\r\n\t<div class=\"icon-wrap shape-border shape-rounded\">\r\n\t\t\t\t\t<img src=\"https:\/\/www.logifin.ma\/2018\/wp-content\/uploads\/2018\/08\/9.png\" alt=\"CONSEIL RH\">\r\n\t\t\t<\/div>\r\n\r\n\t<div class=\"content-wrap\">\r\n\r\n\t\t<div class=\"content-center with-full\">\r\n\t\t\t<div class=\"wrap\">\r\n\t\t\t\t<h3>CONSEIL RH<\/h3>\r\n\t\t\t\t\t\t\t<\/div>\r\n\t\t<\/div>\r\n\t\t\r\n\t\t\t<\/div>\r\n\t\t\r\n\t\t<p class=\"description content-full\">\r\n\t\t\t\t\t<\/p>\r\n\r\n\t\t\r\n\t\t\r\n<\/div>[vc_empty_space height=\u00a0\u00bb15px\u00a0\u00bb][\/vc_column][vc_column width=\u00a0\u00bb1\/4&Prime;][vc_empty_space height=\u00a0\u00bb30px\u00a0\u00bb]<div class=\"norebro-icon-box-sc icon-box text-center\" \r\n\tid=\"norebro-custom-69fbc632b62af\" \r\n\t \r\n\t>\r\n\r\n\t<div class=\"icon-wrap shape-border shape-rounded\">\r\n\t\t\t\t\t<img src=\"https:\/\/www.logifin.ma\/2018\/wp-content\/uploads\/2018\/08\/2.png\" alt=\"CONSEIL EN ORGANISATION\">\r\n\t\t\t<\/div>\r\n\r\n\t<div class=\"content-wrap\">\r\n\r\n\t\t<div class=\"content-center with-full\">\r\n\t\t\t<div class=\"wrap\">\r\n\t\t\t\t<h3>CONSEIL EN ORGANISATION<\/h3>\r\n\t\t\t\t\t\t\t<\/div>\r\n\t\t<\/div>\r\n\t\t\r\n\t\t\t<\/div>\r\n\t\t\r\n\t\t<p class=\"description content-full\">\r\n\t\t\t\t\t<\/p>\r\n\r\n\t\t\r\n\t\t\r\n<\/div>[vc_empty_space height=\u00a0\u00bb15px\u00a0\u00bb]<div class=\"norebro-icon-box-sc icon-box text-center\" \r\n\tid=\"norebro-custom-69fbc632b647e\" \r\n\t \r\n\t>\r\n\r\n\t<div class=\"icon-wrap shape-border shape-rounded\">\r\n\t\t\t\t\t<img src=\"https:\/\/www.logifin.ma\/2018\/wp-content\/uploads\/2018\/08\/3.png\" alt=\"CONSEIL EN ASSURANCE\">\r\n\t\t\t<\/div>\r\n\r\n\t<div class=\"content-wrap\">\r\n\r\n\t\t<div class=\"content-center with-full\">\r\n\t\t\t<div class=\"wrap\">\r\n\t\t\t\t<h3>CONSEIL EN ASSURANCE<\/h3>\r\n\t\t\t\t\t\t\t<\/div>\r\n\t\t<\/div>\r\n\t\t\r\n\t\t\t<\/div>\r\n\t\t\r\n\t\t<p class=\"description content-full\">\r\n\t\t\t\t\t<\/p>\r\n\r\n\t\t\r\n\t\t\r\n<\/div>[vc_empty_space height=\u00a0\u00bb15px\u00a0\u00bb][\/vc_column][vc_column width=\u00a0\u00bb1\/4&Prime;][vc_empty_space height=\u00a0\u00bb30px\u00a0\u00bb]<div class=\"norebro-icon-box-sc icon-box text-center\" \r\n\tid=\"norebro-custom-69fbc632b6646\" \r\n\t \r\n\t>\r\n\r\n\t<div class=\"icon-wrap shape-border shape-rounded\">\r\n\t\t\t\t\t<img src=\"https:\/\/www.logifin.ma\/2018\/wp-content\/uploads\/2018\/08\/12.png\" alt=\"CONSEIL FINANCIER\">\r\n\t\t\t<\/div>\r\n\r\n\t<div class=\"content-wrap\">\r\n\r\n\t\t<div class=\"content-center with-full\">\r\n\t\t\t<div class=\"wrap\">\r\n\t\t\t\t<h3>CONSEIL FINANCIER<\/h3>\r\n\t\t\t\t\t\t\t<\/div>\r\n\t\t<\/div>\r\n\t\t\r\n\t\t\t<\/div>\r\n\t\t\r\n\t\t<p class=\"description content-full\">\r\n\t\t\t\t\t<\/p>\r\n\r\n\t\t\r\n\t\t\r\n<\/div>[vc_empty_space height=\u00a0\u00bb15px\u00a0\u00bb]<div class=\"norebro-icon-box-sc icon-box text-center\" \r\n\tid=\"norebro-custom-69fbc632b681c\" \r\n\t \r\n\t>\r\n\r\n\t<div class=\"icon-wrap shape-border shape-rounded\">\r\n\t\t\t\t\t<img src=\"https:\/\/www.logifin.ma\/2018\/wp-content\/uploads\/2018\/08\/13-1.png\" alt=\"CONSEIL JURIDIQUE\">\r\n\t\t\t<\/div>\r\n\r\n\t<div class=\"content-wrap\">\r\n\r\n\t\t<div class=\"content-center with-full\">\r\n\t\t\t<div class=\"wrap\">\r\n\t\t\t\t<h3>CONSEIL JURIDIQUE<\/h3>\r\n\t\t\t\t\t\t\t<\/div>\r\n\t\t<\/div>\r\n\t\t\r\n\t\t\t<\/div>\r\n\t\t\r\n\t\t<p class=\"description content-full\">\r\n\t\t\t\t\t<\/p>\r\n\r\n\t\t\r\n\t\t\r\n<\/div>[vc_empty_space height=\u00a0\u00bb15px\u00a0\u00bb][\/vc_column][vc_column width=\u00a0\u00bb1\/4&Prime;][vc_empty_space height=\u00a0\u00bb30px\u00a0\u00bb]<div class=\"norebro-icon-box-sc icon-box text-center\" \r\n\tid=\"norebro-custom-69fbc632b69e6\" \r\n\t \r\n\t>\r\n\r\n\t<div class=\"icon-wrap shape-border shape-rounded\">\r\n\t\t\t\t\t<img src=\"https:\/\/www.logifin.ma\/2018\/wp-content\/uploads\/2018\/08\/6.png\" alt=\"CONSEIL FISCAL\">\r\n\t\t\t<\/div>\r\n\r\n\t<div class=\"content-wrap\">\r\n\r\n\t\t<div class=\"content-center with-full\">\r\n\t\t\t<div class=\"wrap\">\r\n\t\t\t\t<h3>CONSEIL FISCAL<\/h3>\r\n\t\t\t\t\t\t\t<\/div>\r\n\t\t<\/div>\r\n\t\t\r\n\t\t\t<\/div>\r\n\t\t\r\n\t\t<p class=\"description content-full\">\r\n\t\t\t\t\t<\/p>\r\n\r\n\t\t\r\n\t\t\r\n<\/div>[vc_empty_space height=\u00a0\u00bb15px\u00a0\u00bb]<div class=\"norebro-icon-box-sc icon-box text-center\" \r\n\tid=\"norebro-custom-69fbc632b6bb9\" \r\n\t \r\n\t>\r\n\r\n\t<div class=\"icon-wrap shape-border shape-rounded\">\r\n\t\t\t\t\t<img src=\"https:\/\/www.logifin.ma\/2018\/wp-content\/uploads\/2018\/08\/8.png\" alt=\"SUPERVISION COMPTABLES\">\r\n\t\t\t<\/div>\r\n\r\n\t<div class=\"content-wrap\">\r\n\r\n\t\t<div class=\"content-center with-full\">\r\n\t\t\t<div class=\"wrap\">\r\n\t\t\t\t<h3>SUPERVISION COMPTABLES<\/h3>\r\n\t\t\t\t\t\t\t<\/div>\r\n\t\t<\/div>\r\n\t\t\r\n\t\t\t<\/div>\r\n\t\t\r\n\t\t<p class=\"description content-full\">\r\n\t\t\t\t\t<\/p>\r\n\r\n\t\t\r\n\t\t\r\n<\/div>[vc_empty_space height=\u00a0\u00bb15px\u00a0\u00bb][\/vc_column][\/vc_row][vc_row full_width=\u00a0\u00bbstretch_row\u00a0\u00bb content_placement=\u00a0\u00bbmiddle\u00a0\u00bb css=\u00a0\u00bb.vc_custom_1535196012232{background-color: #263556 !important;}\u00a0\u00bb][vc_column][vc_empty_space height=\u00a0\u00bb90px\u00a0\u00bb el_class=\u00a0\u00bbnorebro-phone-space\u00a0\u00bb]<div class=\"norebro-heading-sc heading text-center\"\r\n\tid=\"norebro-custom-69fbc632b6c41\" \r\n\t \r\n\t>\r\n\t\r\n\t\t\t<p class=\"subtitle\">\r\n\t\t\t\t\t<\/p>\r\n\t\r\n\t\r\n\t<h3 class=\"title subtitle-top\">\r\n\t\tCARRI\u00c8RES & EMPLOIS\t<\/h3>\r\n\r\n\t\r\n\t\t\r\n<\/div>[vc_empty_space height=\u00a0\u00bb10px\u00a0\u00bb]<div class=\"norebro-text-sc \" \r\n\tid=\"norebro-custom-69fbc632b6ca9\" \r\n\t \r\n\t>\r\n\r\n\t<p style=\"text-align: center;\"><span style=\"color: #ffffff;\">Consultez R\u00e9guli\u00e8rement notre rubrique Carri\u00e8res e&amp; Emplois pour recueillir les derni\u00e8res offres de recrutement.<\/span><\/p>\n\t\r\n<\/div><div class=\"norebro-recent-posts-sc vc_row blog-posts-masonry\" \r\n\tid=\"norebro-custom-69fbc632b7662\"\r\n\t \r\n\t>\r\n\r\n\t<div class=\"norebro-masonry\" data-lazy-container=\"true\"><div class=\" vc_col-lg-3 vc_col-md-3 vc_col-sm-6 vc_col-xs-12 blog-post-masonry masonry-block post-offset norebro-card-wrapper grid-item data-lazy-item=\"true\"><div  data-aos-once=\"true\" data-aos=\"fade-up\" data-aos-delay=\"0\"><div class=\"blog-grid grid-4\" >\n\t\n\t<div class=\"content\">\n\t\t\t\t<div class=\"tags\">\n\t\t\t\t\t\t\t<a class=\"tag brand-bg-color brand-border-color\" href=\"https:\/\/www.logifin.ma\/2018\/category\/offres-emplois\/\">\n\t\t\t\t\tOffres Emplois\t\t\t\t<\/a>\n\t\t\t\t\t<\/div>\n\t\t\t\t\n\t\t<h3>\n\t\t\t\t\t\t<a href=\"https:\/\/www.logifin.ma\/2018\/offre003-19\/\">\n\t\t\t\tResponsable Juridique &amp; Administratif\t\t\t<\/a>\n\t\t<\/h3>\n\t\t\t\t<p>\n\t\t\t[vc_row][vc_column][vc_empty_space height=\u00a0\u00bb50px\u00a0\u00bb][vc_empty_space][vc_column_text]Description Cabinet de renomm\u00e9\u00a0 en conseil comptable fiscal et financier\u00a0&hellip;\t\t<\/p>\n\t\t\n\t\t<footer>\n\t\t\t\t\t\t<span class=\"author\">adminlogifin<\/span>\n\t\t\t<strong>&mdash;<\/strong>\n\t\t\t\t\t\t\t\t\t<span class=\"data\">f\u00e9vrier 4, 2019<\/span>\n\t\t\t\t\t<\/footer>\n\t\t<span class=\"plus ion-ios-plus-empty brand-color\"><\/span>\n\t<\/div>\n\t\n<\/div><\/div><div class=\"clear\"><\/div><\/div><div class=\" vc_col-lg-3 vc_col-md-3 vc_col-sm-6 vc_col-xs-12 blog-post-masonry masonry-block post-offset norebro-card-wrapper grid-item data-lazy-item=\"true\"><div  data-aos-once=\"true\" data-aos=\"fade-up\" data-aos-delay=\"100\"><div class=\"blog-grid grid-4\" >\n\t\n\t<div class=\"content\">\n\t\t\t\t<div class=\"tags\">\n\t\t\t\t\t\t\t<a class=\"tag brand-bg-color brand-border-color\" href=\"https:\/\/www.logifin.ma\/2018\/category\/offres-emplois\/\">\n\t\t\t\t\tOffres Emplois\t\t\t\t<\/a>\n\t\t\t\t\t<\/div>\n\t\t\t\t\n\t\t<h3>\n\t\t\t\t\t\t<a href=\"https:\/\/www.logifin.ma\/2018\/responsable-commercial-zone-fez-et-nord\/\">\n\t\t\t\tResponsable commercial zone Fez et Nord\t\t\t<\/a>\n\t\t<\/h3>\n\t\t\t\t<p>\n\t\t\t[vc_row][vc_column][vc_empty_space height=\u00a0\u00bb50px\u00a0\u00bb][vc_empty_space][vc_single_image image=\u00a0\u00bb5674949&Prime; img_size=\u00a0\u00bbfull\u00a0\u00bb alignment=\u00a0\u00bbcenter\u00a0\u00bb][vc_empty_space][vc_column_text]Description&hellip;\t\t<\/p>\n\t\t\n\t\t<footer>\n\t\t\t\t\t\t<span class=\"author\">adminlogifin<\/span>\n\t\t\t<strong>&mdash;<\/strong>\n\t\t\t\t\t\t\t\t\t<span class=\"data\">janvier 2, 2019<\/span>\n\t\t\t\t\t<\/footer>\n\t\t<span class=\"plus ion-ios-plus-empty brand-color\"><\/span>\n\t<\/div>\n\t\n<\/div><\/div><div class=\"clear\"><\/div><\/div><\/div>\t\r\n<\/div>[vc_empty_space el_class=\u00a0\u00bbnorebro-phone-space\u00a0\u00bb][\/vc_column][\/vc_row]\n","protected":false},"excerpt":{"rendered":"<p>[vc_row full_width=\u00a0\u00bbstretch_row\u00a0\u00bb css=\u00a0\u00bb.vc_custom_1533941052205{background-image: url(https:\/\/www.logifin.ma\/2018\/wp-content\/uploads\/2018\/08\/domaines_intervention_logifin.jpg?id=5674489) !important;}\u00a0\u00bb][vc_column width=\u00a0\u00bb2\/3&Prime;][vc_row_inner content_placement=\u00a0\u00bbmiddle\u00a0\u00bb css=\u00a0\u00bb.vc_custom_1533655574734{margin-right: 50px !important;margin-left: 50px !important;}\u00a0\u00bb][vc_column_inner][vc_empty_space height=\u00a0\u00bb90px\u00a0\u00bb][vc_empty_space height=\u00a0\u00bb32&Prime;][\/vc_column_inner][\/vc_row_inner][\/vc_column][vc_column width=\u00a0\u00bb1\/3&Prime;][vc_empty_space height=\u00a0\u00bb250px\u00a0\u00bb][vc_single_image image=\u00a0\u00bb5674481&Prime; img_size=\u00a0\u00bbfull\u00a0\u00bb alignment=\u00a0\u00bbright\u00a0\u00bb][vc_empty_space height=\u00a0\u00bb32&Prime;][\/vc_column][\/vc_row][vc_row full_width=\u00a0\u00bbstretch_row\u00a0\u00bb css=\u00a0\u00bb.vc_custom_1533821774983{background-color: #f4f4f4 !important;}\u00a0\u00bb][vc_column][\/vc_column][\/vc_row][vc_row full_width=\u00a0\u00bbstretch_row\u00a0\u00bb css=\u00a0\u00bb.vc_custom_1533821774983{background-color: #f4f4f4 !important;}\u00a0\u00bb][vc_column][vc_row_inner content_placement=\u00a0\u00bbmiddle\u00a0\u00bb css=\u00a0\u00bb.vc_custom_1533655574734{margin-right: 50px !important;margin-left: 50px !important;}\u00a0\u00bb][vc_column_inner][vc_single_image image=\u00a0\u00bb5674491&Prime; img_size=\u00a0\u00bbfull\u00a0\u00bb][\/vc_column_inner][\/vc_row_inner][\/vc_column][\/vc_row][vc_row full_width=\u00a0\u00bbstretch_row\u00a0\u00bb css=\u00a0\u00bb.vc_custom_1533821774983{background-color: #f4f4f4 !important;}\u00a0\u00bb][vc_column][vc_row_inner content_placement=\u00a0\u00bbmiddle\u00a0\u00bb css=\u00a0\u00bb.vc_custom_1533655574734{margin-right: 50px !important;margin-left: 50px !important;}\u00a0\u00bb][vc_column_inner][vc_empty_space height=\u00a0\u00bb32&Prime;][vc_raw_html]JTVCd3BfYWRfY2FtcF8xJTVE[\/vc_raw_html][vc_empty_space height=\u00a0\u00bb32&Prime;][\/vc_column_inner][\/vc_row_inner][\/vc_column][\/vc_row][vc_row full_width=\u00a0\u00bbstretch_row\u00a0\u00bb gap=\u00a0\u00bb30&Prime;][vc_column width=\u00a0\u00bb1\/2&Prime;][vc_empty_space height=\u00a0\u00bb50px\u00a0\u00bb][vc_single_image image=\u00a0\u00bb5674804&Prime; img_size=\u00a0\u00bbfull\u00a0\u00bb alignment=\u00a0\u00bbcenter\u00a0\u00bb [&hellip;]<\/p>\n","protected":false},"author":1,"featured_media":0,"parent":0,"menu_order":0,"comment_status":"closed","ping_status":"closed","template":"","meta":{"footnotes":""},"_links":{"self":[{"href":"https:\/\/www.logifin.ma\/2018\/wp-json\/wp\/v2\/pages\/5674069"}],"collection":[{"href":"https:\/\/www.logifin.ma\/2018\/wp-json\/wp\/v2\/pages"}],"about":[{"href":"https:\/\/www.logifin.ma\/2018\/wp-json\/wp\/v2\/types\/page"}],"author":[{"embeddable":true,"href":"https:\/\/www.logifin.ma\/2018\/wp-json\/wp\/v2\/users\/1"}],"replies":[{"embeddable":true,"href":"https:\/\/www.logifin.ma\/2018\/wp-json\/wp\/v2\/comments?post=5674069"}],"version-history":[{"count":20,"href":"https:\/\/www.logifin.ma\/2018\/wp-json\/wp\/v2\/pages\/5674069\/revisions"}],"predecessor-version":[{"id":5675109,"href":"https:\/\/www.logifin.ma\/2018\/wp-json\/wp\/v2\/pages\/5674069\/revisions\/5675109"}],"wp:attachment":[{"href":"https:\/\/www.logifin.ma\/2018\/wp-json\/wp\/v2\/media?parent=5674069"}],"curies":[{"name":"wp","href":"https:\/\/api.w.org\/{rel}","templated":true}]}}