{"id":5674121,"date":"2018-07-26T10:43:31","date_gmt":"2018-07-26T10:43:31","guid":{"rendered":"https:\/\/www.logifin.ma\/2018\/?page_id=5674121"},"modified":"2023-08-16T15:39:42","modified_gmt":"2023-08-16T15:39:42","slug":"fondateur","status":"publish","type":"page","link":"https:\/\/www.logifin.ma\/2018\/fondateur\/","title":{"rendered":"Fondateur"},"content":{"rendered":"[vc_row full_width=\u00a0\u00bbstretch_row\u00a0\u00bb css=\u00a0\u00bb.vc_custom_1533758631401{background-image: url(https:\/\/www.logifin.ma\/2018\/wp-content\/uploads\/2018\/08\/slide1bis.png?id=5674140) !important;}\u00a0\u00bb][vc_column width=\u00a0\u00bb2\/3&Prime;][vc_row_inner content_placement=\u00a0\u00bbmiddle\u00a0\u00bb css=\u00a0\u00bb.vc_custom_1533655574734{margin-right: 50px !important;margin-left: 50px !important;}\u00a0\u00bb][vc_column_inner][vc_empty_space height=\u00a0\u00bb90px\u00a0\u00bb]<div class=\"norebro-heading-sc heading text-left\"\r\n\tid=\"norebro-custom-69d0f1bc21482\" \r\n\t data-aos=\"fade-up\" \r\n\t>\r\n\t\r\n\t\r\n\t\r\n\t<h2 class=\"title\">\r\n\t\tAccompagnement \u00e0 l\u2019Excellence\t<\/h2>\r\n\r\n\t\r\n\t\t\t<p class=\"subtitle\">\r\n\t\t\tExperts en accompagnement pour am\u00e9liorer et rationaliser tous les processus impliqu\u00e9s dans la gestion d'entreprise.\t\t<\/p>\r\n\t\t\r\n<\/div>[vc_empty_space height=\u00a0\u00bb32&Prime;][\/vc_column_inner][\/vc_row_inner][\/vc_column][vc_column width=\u00a0\u00bb1\/3&Prime;][vc_empty_space height=\u00a0\u00bb250px\u00a0\u00bb][vc_single_image image=\u00a0\u00bb5674493&Prime; img_size=\u00a0\u00bbfull\u00a0\u00bb alignment=\u00a0\u00bbright\u00a0\u00bb][vc_empty_space height=\u00a0\u00bb32&Prime;][\/vc_column][\/vc_row][vc_row full_width=\u00a0\u00bbstretch_row\u00a0\u00bb css=\u00a0\u00bb.vc_custom_1533821774983{background-color: #f4f4f4 !important;}\u00a0\u00bb][vc_column][vc_row_inner content_placement=\u00a0\u00bbmiddle\u00a0\u00bb css=\u00a0\u00bb.vc_custom_1533655574734{margin-right: 50px !important;margin-left: 50px !important;}\u00a0\u00bb][vc_column_inner][vc_single_image image=\u00a0\u00bb5674353&Prime; img_size=\u00a0\u00bbfull\u00a0\u00bb][\/vc_column_inner][\/vc_row_inner][\/vc_column][\/vc_row][vc_row full_width=\u00a0\u00bbstretch_row\u00a0\u00bb][vc_column width=\u00a0\u00bb2\/3&Prime;][vc_empty_space height=\u00a0\u00bb50px\u00a0\u00bb]<div class=\"norebro-heading-sc heading text-left\"\r\n\tid=\"norebro-custom-69d0f1bc2159b\" \r\n\t \r\n\t>\r\n\t\r\n\t\t\t<p class=\"subtitle\">\r\n\t\t\tFondateur & Directeur G\u00e9n\u00e9ral\t\t<\/p>\r\n\t\r\n\t\r\n\t<h3 class=\"title subtitle-top\">\r\n\t\tMr. M\u2019hammed DHAIM\t<\/h3>\r\n\r\n\t\r\n\t\t\r\n<\/div><div class=\"norebro-text-sc \" \r\n\tid=\"norebro-custom-69d0f1bc21670\" \r\n\t \r\n\t>\r\n\r\n\t<p><strong>Actuellement le Directeur du <a href=\"https:\/\/www.logifin.ma\/\">Cabinet Logifin<\/a> gr\u00e2ce \u00e0 des ann\u00e9es d\u2019exp\u00e9rience en tant que :<\/strong><\/p>\n<ul>\n<li>Responsable de contr\u00f4le de gestion et comptabilit\u00e9 analytique au sein de la soci\u00e9t\u00e9 <a href=\"https:\/\/www.jacobdelafon.ma\/\"><strong>JACOB DELAFON Maroc<\/strong><\/a> (11 ans).<\/li>\n<li>Responsable contr\u00f4le de gestion du groupe <a href=\"https:\/\/www.akzonobel.com\"><strong>AKZO NOBEL<\/strong><\/a> (deux soci\u00e9t\u00e9s juridiques) \u00e0 Casablanca (4 ans).<\/li>\n<li>Directeur Administratif et Financier de deux filiales du groupe espagnol <a href=\"https:\/\/www.simonelectric.com\/corporate\/fr\"><strong>SIMON<\/strong><\/a> bas\u00e9 \u00e0 Tanger (4 ans).<\/li>\n<li>Directeur Administratif et Financier au sein de <strong><a href=\"https:\/\/www.bamesa.com\/accueil\/\">BAMESA (TFZ Tanger)<\/a><\/strong> 2ans.<\/li>\n<\/ul>\n<p><strong>Laur\u00e9at de l\u2019ENCGT ayant suivi plusieurs formation compl\u00e9mentaire aussi bien au Maroc qu\u2019\u00e0 l\u2019\u00e9tranger :<\/strong><\/p>\n<ul>\n<li>En 2012 : Formation sur SAP et Outils de suivi financiers et SAP \/ <strong><a href=\"https:\/\/www.bamesa.com\/accueil\/\">Bamesa Espagne<\/a><\/strong><\/li>\n<li>2008-2011 : Diverses missions de travail en Espagne au sein du Groupe SIMON.<\/li>\n<li>2007-2008\u00a0<strong>Cours sur les normes IFRS.\u00a0<\/strong>ISCAE Casablanca.<\/li>\n<li>En 2007 : Role du Financial Controller au sein d\u2019 AKZO NOBEL. AKZO NOBEL Arnhem, Hollande.<\/li>\n<li>En 2006 : Progiciel COGNOS Finance KOHLER UK Cheltenham City , Royaume UNI.<\/li>\n<li>En 2005 : Techniques de choix et de suivi des Investissements. KOHLER France Paris France.<\/li>\n<\/ul>\n<p><strong>Domaines de Comp\u00e9tences :<\/strong><\/p>\n<ul>\n<li>Management<\/li>\n<li>Comptabilit\u00e9 l\u00e9gale &amp; Manag\u00e9riale<\/li>\n<li>Contr\u00f4le de gestion<\/li>\n<li>Syst\u00e8me D\u2019information<\/li>\n<li>Audit Interne<\/li>\n<li>Achats et Approvisionnement<\/li>\n<li>Ressources Humaines.<\/li>\n<\/ul>\n<p><strong>Informatique :<\/strong>\u00a0PROGICIEL de gestion SAP \/ ADONIX \/ SAGE<\/p>\n<p><strong>langues maitris\u00e9es \u00a0:\u00a0<\/strong>ARABE \/ FRAN\u00c7AIS\/ANGLAIS\/ESPAGNOL<\/p>\n<p><strong>Activit\u00e9s associatives :<\/strong><\/p>\n<ul>\n<li>Membre du bureau de l\u2019association \u00abClub des Financiers du Nord \u00bb<\/li>\n<li>Animation s\u00e9minaires sur la fonction Contr\u00f4le de Gestion et Finance. : ENCGT<\/li>\n<\/ul>\n\t\r\n<\/div><div class=\"norebro-socialbar-sc socialbar  text-center flat social-column-6 shadow default small\" \r\n\tid=\"norebro-custom-69d0f1bc217b1\" \r\n\t data-aos=\"fade-up\" \r\n\t>\r\n\r\n\t\t\t<a href=\"https:\/\/twitter.com\/intent\/tweet?text=https:\/\/www.logifin.ma\/2018\/fondateur\/\" target=\"_blank\" class=\"twitter\">\r\n\t\t\t\t\t\t<span class=\"icon fa fa-twitter\"><\/span>\r\n\t\t\t\t\t\t\t\t<\/a>\r\n\t\r\n\t\t\t<a href=\"https:\/\/www.facebook.com\/sharer\/sharer.php?u=https:\/\/www.logifin.ma\/2018\/fondateur\/\" target=\"_blank\" class=\"facebook\">\r\n\t\t\t\t\t\t<span class=\"icon fa fa-facebook\"><\/span>\r\n\t\t\t\t\t\t\t\t<\/a>\r\n\t\r\n\t\r\n\t\t\t<a href=\"https:\/\/plus.google.com\/share?url=https%3A%2F%2Fwww.logifin.ma%2F2018%2Ffondateur%2F\" target=\"_blank\" class=\"googleplus\">\r\n\t\t\t\t\t\t<span class=\"icon fa fa-google\"><\/span>\r\n\t\t\t\t\t\t\t\t<\/a>\r\n\t\r\n\t\r\n\t\t\t<a href=\"https:\/\/www.linkedin.com\/shareArticle?mini=true&url=https%3A%2F%2Fwww.logifin.ma%2F2018%2Ffondateur%2F&title=title&source=LOGIFIN+CONSEIL+-+Cabinet+de+Conseil+%C3%A0+Tanger\" target=\"_blank\" class=\"linkedin\">\r\n\t\t\t\t\t\t<span class=\"icon fa fa-linkedin\"><\/span>\r\n\t\t\t\t\t\t\t\t<\/a>\r\n\t\r\n\t\t\t<a href=\"http:\/\/pinterest.com\/pin\/create\/button\/?url=https%3A%2F%2Fwww.logifin.ma%2F2018%2Ffondateur%2F&description=title\" class=\"pinterest\">\r\n\t\t\t\t\t\t<span class=\"icon fa fa-pinterest-p\"><\/span>\r\n\t\t\t\t\t\t\t\t<\/a>\r\n\t\r\n\t\r\n\t\r\n\t\t\t<a href=\"http:\/\/vk.com\/share.php?url=https%3A%2F%2Fwww.logifin.ma%2F2018%2Ffondateur%2F\" class=\"vk\">\r\n\t\t\t\t\t\t<span class=\"icon fa fa-vk\"><\/span>\r\n\t\t\t\t\t\t\t\t<\/a>\r\n\t\r\n\t\r\n\t\r\n\t\r\n\t\r\n\t\r\n\t\r\n\t\r\n\t\r\n\t\r\n\t\r\n\t\r\n\t\r\n<\/div>[vc_empty_space height=\u00a0\u00bb90px\u00a0\u00bb][\/vc_column][vc_column width=\u00a0\u00bb1\/3&Prime;][vc_empty_space height=\u00a0\u00bb150px\u00a0\u00bb][vc_single_image image=\u00a0\u00bb5674312&Prime; alignment=\u00a0\u00bbcenter\u00a0\u00bb style=\u00a0\u00bbvc_box_shadow_border_circle\u00a0\u00bb][\/vc_column][\/vc_row][vc_row full_width=\u00a0\u00bbstretch_row_content_no_spaces\u00a0\u00bb content_placement=\u00a0\u00bbmiddle\u00a0\u00bb css_animation=\u00a0\u00bbnone\u00a0\u00bb side_background_title_alignment=\u00a0\u00bbright\u00a0\u00bb side_background_title_color=\u00a0\u00bbbrand\u00a0\u00bb][vc_column][vc_empty_space height=\u00a0\u00bb50px\u00a0\u00bb][vc_raw_html]JTVCd3BfYWRfY2FtcF8xJTVE[\/vc_raw_html][vc_empty_space height=\u00a0\u00bb50px\u00a0\u00bb][\/vc_column][\/vc_row][vc_row full_width=\u00a0\u00bbstretch_row_content_no_spaces\u00a0\u00bb content_placement=\u00a0\u00bbmiddle\u00a0\u00bb parallax=\u00a0\u00bbcontent-moving\u00a0\u00bb parallax_image=\u00a0\u00bb5674293&Prime; css_animation=\u00a0\u00bbfadeIn\u00a0\u00bb side_background_title_alignment=\u00a0\u00bbright\u00a0\u00bb side_background_title_color=\u00a0\u00bbbrand\u00a0\u00bb][vc_column]<div class=\"norebro-heading-sc heading text-center\"\r\n\tid=\"norebro-custom-69d0f1bc218f3\" \r\n\t \r\n\t>\r\n\t\r\n\t\t\t<p class=\"subtitle\">\r\n\t\t\t\t\t<\/p>\r\n\t\r\n\t\r\n\t<h3 class=\"title subtitle-top\">\r\n\t\tCONNAITRE NOS D\u00c9PARTEMENTS & SERVICES\t<\/h3>\r\n\r\n\t\r\n\t\t\r\n<\/div><div class=\"norebro-text-sc \" \r\n\tid=\"norebro-custom-69d0f1bc2197a\" \r\n\t \r\n\t>\r\n\r\n\t<p style=\"text-align: center;\"><span style=\"color: #ffffff;\">L\u2019\u00e9quipe <strong>LOGIFIN Conseil\u00a0<\/strong>\u00a0est un v\u00e9ritable atout garant du savoir-faire et de l\u2019expertise de notre cabinet.<\/span><br \/>\n<span style=\"color: #ffffff;\">Nos collaborateurs techniques, commerciaux et manag\u00e9riaux, sont mobilis\u00e9s pour mener vos projets dans le respect de vos standards de qualit\u00e9 et de d\u00e9lais.<\/span><\/p>\n\t\r\n<\/div>[vc_empty_space height=\u00a0\u00bb30px\u00a0\u00bb][\/vc_column][\/vc_row][vc_row full_width=\u00a0\u00bbstretch_row\u00a0\u00bb css=\u00a0\u00bb.vc_custom_1533713367180{margin-right: 20px !important;margin-left: 50px !important;background-color: #263556 !important;}\u00a0\u00bb side_background_title_color=\u00a0\u00bb#263556&Prime;][vc_column width=\u00a0\u00bb1\/4&Prime;][vc_empty_space height=\u00a0\u00bb30px\u00a0\u00bb]<div class=\"norebro-icon-box-sc icon-box box-left\" \r\n\tid=\"norebro-custom-69d0f1bc219ed\" \r\n\t \r\n\t>\r\n\r\n\t<div class=\"icon-wrap\">\r\n\t\t\t\t\t<span class=\"fa fa-users\"><\/span>\r\n\t\t\t<\/div>\r\n\r\n\t<div class=\"content-wrap\">\r\n\r\n\t\t<div class=\"content-center with-full\">\r\n\t\t\t<div class=\"wrap\">\r\n\t\t\t\t<h3>D\u00e9partement Consulting<\/h3>\r\n\t\t\t\t\t\t\t\t\t<p class=\"subtitle\">\r\n\t\t\t\t\t\tEmail : mhammed.dhaim@logifin.ma\t\t\t\t\t<\/p>\r\n\t\t\t\t\t\t\t<\/div>\r\n\t\t<\/div>\r\n\t\t\r\n\t\t\t<\/div>\r\n\t\t\r\n\t\t<p class=\"description content-full\">\r\n\t\t\tPour vous accompagner dans le d\u00e9veloppement de votre activit\u00e9 en vous fournissant tout le support et les conseils dont vous avez besoin. Prenez les bonnes d\u00e9cisions gr\u00e2ce \u00e0 une information comptable pr\u00e9cise.\t\t<\/p>\r\n\r\n\t\t\r\n\t\t\r\n<\/div>[vc_empty_space height=\u00a0\u00bb15px\u00a0\u00bb][\/vc_column][vc_column width=\u00a0\u00bb1\/4&Prime;][vc_empty_space height=\u00a0\u00bb30px\u00a0\u00bb]<div class=\"norebro-icon-box-sc icon-box box-left\" \r\n\tid=\"norebro-custom-69d0f1bc21acb\" \r\n\t \r\n\t>\r\n\r\n\t<div class=\"icon-wrap\">\r\n\t\t\t\t\t<span class=\"fa fa-bank\"><\/span>\r\n\t\t\t<\/div>\r\n\r\n\t<div class=\"content-wrap\">\r\n\r\n\t\t<div class=\"content-center with-full\">\r\n\t\t\t<div class=\"wrap\">\r\n\t\t\t\t<h3>D\u00e9partement Fiscal<\/h3>\r\n\t\t\t\t\t\t\t\t\t<p class=\"subtitle\">\r\n\t\t\t\t\t\tEmail : mhammed.dhaim@logifin.ma\t\t\t\t\t<\/p>\r\n\t\t\t\t\t\t\t<\/div>\r\n\t\t<\/div>\r\n\t\t\r\n\t\t\t<\/div>\r\n\t\t\r\n\t\t<p class=\"description content-full\">\r\n\t\t\tPour v\u00e9rifier la conformit\u00e9 de vos comptes \u00e0 la r\u00e9glementation comptable et fiscale. Le d\u00e9partement Fiscal assure vos relations avec les administrations ou vos organismes de gestion.\t\t<\/p>\r\n\r\n\t\t\r\n\t\t\r\n<\/div>[vc_empty_space height=\u00a0\u00bb15px\u00a0\u00bb][\/vc_column][vc_column width=\u00a0\u00bb1\/4&Prime;][vc_empty_space height=\u00a0\u00bb30px\u00a0\u00bb]<div class=\"norebro-icon-box-sc icon-box box-left\" \r\n\tid=\"norebro-custom-69d0f1bc21b5b\" \r\n\t \r\n\t>\r\n\r\n\t<div class=\"icon-wrap\">\r\n\t\t\t\t\t<span class=\"fa fa-suitcase\"><\/span>\r\n\t\t\t<\/div>\r\n\r\n\t<div class=\"content-wrap\">\r\n\r\n\t\t<div class=\"content-center with-full\">\r\n\t\t\t<div class=\"wrap\">\r\n\t\t\t\t<h3>D\u00e9partement Administratif<\/h3>\r\n\t\t\t\t\t\t\t\t\t<p class=\"subtitle\">\r\n\t\t\t\t\t\tEmail : mhammed.dhaim@logifin.ma\t\t\t\t\t<\/p>\r\n\t\t\t\t\t\t\t<\/div>\r\n\t\t<\/div>\r\n\t\t\r\n\t\t\t<\/div>\r\n\t\t\r\n\t\t<p class=\"description content-full\">\r\n\t\t\tPour assurer et valider la r\u00e9alisation et l\u2019ex\u00e9cution de toutes les d\u00e9marches et formalit\u00e9s administratives visant \u00e0 la mise au pointe de la conformit\u00e9 des entreprises vis \u00e0 vis les institutions.\t\t<\/p>\r\n\r\n\t\t\r\n\t\t\r\n<\/div>[vc_empty_space height=\u00a0\u00bb15px\u00a0\u00bb][\/vc_column][vc_column width=\u00a0\u00bb1\/4&Prime;][vc_empty_space height=\u00a0\u00bb30px\u00a0\u00bb]<div class=\"norebro-icon-box-sc icon-box box-left\" \r\n\tid=\"norebro-custom-69d0f1bc21bdb\" \r\n\t \r\n\t>\r\n\r\n\t<div class=\"icon-wrap\">\r\n\t\t\t\t\t<span class=\"fa fa-graduation-cap\"><\/span>\r\n\t\t\t<\/div>\r\n\r\n\t<div class=\"content-wrap\">\r\n\r\n\t\t<div class=\"content-center with-full\">\r\n\t\t\t<div class=\"wrap\">\r\n\t\t\t\t<h3>D\u00e9partement Juridique<\/h3>\r\n\t\t\t\t\t\t\t\t\t<p class=\"subtitle\">\r\n\t\t\t\t\t\tEmail : mhammed.dhaim@logifin.ma\t\t\t\t\t<\/p>\r\n\t\t\t\t\t\t\t<\/div>\r\n\t\t<\/div>\r\n\t\t\r\n\t\t\t<\/div>\r\n\t\t\r\n\t\t<p class=\"description content-full\">\r\n\t\t\tPour assister les soci\u00e9t\u00e9 aval et amont dans toute situation juridique \u00e0 laquelle elle peut \u00eatre confront\u00e9e en tant que consultants juridiques dans les diff\u00e9rents contrats r\u00e9alises\t\t<\/p>\r\n\r\n\t\t\r\n\t\t\r\n<\/div>[vc_empty_space height=\u00a0\u00bb15px\u00a0\u00bb][\/vc_column][\/vc_row][vc_row full_width=\u00a0\u00bbstretch_row\u00a0\u00bb content_placement=\u00a0\u00bbmiddle\u00a0\u00bb css=\u00a0\u00bb.vc_custom_1535196012232{background-color: #263556 !important;}\u00a0\u00bb][vc_column][vc_empty_space height=\u00a0\u00bb90px\u00a0\u00bb el_class=\u00a0\u00bbnorebro-phone-space\u00a0\u00bb]<div class=\"norebro-heading-sc heading text-center\"\r\n\tid=\"norebro-custom-69d0f1bc21c4a\" \r\n\t \r\n\t>\r\n\t\r\n\t\t\t<p class=\"subtitle\">\r\n\t\t\t\t\t<\/p>\r\n\t\r\n\t\r\n\t<h3 class=\"title subtitle-top\">\r\n\t\tCARRI\u00c8RES & EMPLOIS\t<\/h3>\r\n\r\n\t\r\n\t\t\r\n<\/div>[vc_empty_space height=\u00a0\u00bb10px\u00a0\u00bb]<div class=\"norebro-text-sc \" \r\n\tid=\"norebro-custom-69d0f1bc21cb5\" \r\n\t \r\n\t>\r\n\r\n\t<p style=\"text-align: center;\"><span style=\"color: #ffffff;\">Consultez R\u00e9guli\u00e8rement notre rubrique Carri\u00e8res e&amp; Emplois pour recueillir les derni\u00e8res offres de recrutement.<\/span><\/p>\n\t\r\n<\/div><div class=\"norebro-recent-posts-sc vc_row blog-posts-masonry\" \r\n\tid=\"norebro-custom-69d0f1bc22e1b\"\r\n\t \r\n\t>\r\n\r\n\t<div class=\"norebro-masonry\" data-lazy-container=\"true\"><div class=\" vc_col-lg-3 vc_col-md-3 vc_col-sm-6 vc_col-xs-12 blog-post-masonry masonry-block post-offset norebro-card-wrapper grid-item data-lazy-item=\"true\"><div  data-aos-once=\"true\" data-aos=\"fade-up\" data-aos-delay=\"0\"><div class=\"blog-grid grid-4\" >\n\t\n\t<div class=\"content\">\n\t\t\t\t<div class=\"tags\">\n\t\t\t\t\t\t\t<a class=\"tag brand-bg-color brand-border-color\" href=\"https:\/\/www.logifin.ma\/2018\/category\/offres-emplois\/\">\n\t\t\t\t\tOffres Emplois\t\t\t\t<\/a>\n\t\t\t\t\t<\/div>\n\t\t\t\t\n\t\t<h3>\n\t\t\t\t\t\t<a href=\"https:\/\/www.logifin.ma\/2018\/offre003-19\/\">\n\t\t\t\tResponsable Juridique &amp; Administratif\t\t\t<\/a>\n\t\t<\/h3>\n\t\t\t\t<p>\n\t\t\t[vc_row][vc_column][vc_empty_space height=\u00a0\u00bb50px\u00a0\u00bb][vc_empty_space][vc_column_text]Description Cabinet de renomm\u00e9\u00a0 en conseil comptable fiscal et financier\u00a0&hellip;\t\t<\/p>\n\t\t\n\t\t<footer>\n\t\t\t\t\t\t<span class=\"author\">adminlogifin<\/span>\n\t\t\t<strong>&mdash;<\/strong>\n\t\t\t\t\t\t\t\t\t<span class=\"data\">f\u00e9vrier 4, 2019<\/span>\n\t\t\t\t\t<\/footer>\n\t\t<span class=\"plus ion-ios-plus-empty brand-color\"><\/span>\n\t<\/div>\n\t\n<\/div><\/div><div class=\"clear\"><\/div><\/div><div class=\" vc_col-lg-3 vc_col-md-3 vc_col-sm-6 vc_col-xs-12 blog-post-masonry masonry-block post-offset norebro-card-wrapper grid-item data-lazy-item=\"true\"><div  data-aos-once=\"true\" data-aos=\"fade-up\" data-aos-delay=\"100\"><div class=\"blog-grid grid-4\" >\n\t\n\t<div class=\"content\">\n\t\t\t\t<div class=\"tags\">\n\t\t\t\t\t\t\t<a class=\"tag brand-bg-color brand-border-color\" href=\"https:\/\/www.logifin.ma\/2018\/category\/offres-emplois\/\">\n\t\t\t\t\tOffres Emplois\t\t\t\t<\/a>\n\t\t\t\t\t<\/div>\n\t\t\t\t\n\t\t<h3>\n\t\t\t\t\t\t<a href=\"https:\/\/www.logifin.ma\/2018\/responsable-commercial-zone-fez-et-nord\/\">\n\t\t\t\tResponsable commercial zone Fez et Nord\t\t\t<\/a>\n\t\t<\/h3>\n\t\t\t\t<p>\n\t\t\t[vc_row][vc_column][vc_empty_space height=\u00a0\u00bb50px\u00a0\u00bb][vc_empty_space][vc_single_image image=\u00a0\u00bb5674949&Prime; img_size=\u00a0\u00bbfull\u00a0\u00bb alignment=\u00a0\u00bbcenter\u00a0\u00bb][vc_empty_space][vc_column_text]Description&hellip;\t\t<\/p>\n\t\t\n\t\t<footer>\n\t\t\t\t\t\t<span class=\"author\">adminlogifin<\/span>\n\t\t\t<strong>&mdash;<\/strong>\n\t\t\t\t\t\t\t\t\t<span class=\"data\">janvier 2, 2019<\/span>\n\t\t\t\t\t<\/footer>\n\t\t<span class=\"plus ion-ios-plus-empty brand-color\"><\/span>\n\t<\/div>\n\t\n<\/div><\/div><div class=\"clear\"><\/div><\/div><\/div>\t\r\n<\/div>[vc_empty_space el_class=\u00a0\u00bbnorebro-phone-space\u00a0\u00bb][\/vc_column][\/vc_row]\n","protected":false},"excerpt":{"rendered":"<p>[vc_row full_width=\u00a0\u00bbstretch_row\u00a0\u00bb css=\u00a0\u00bb.vc_custom_1533758631401{background-image: url(https:\/\/www.logifin.ma\/2018\/wp-content\/uploads\/2018\/08\/slide1bis.png?id=5674140) !important;}\u00a0\u00bb][vc_column width=\u00a0\u00bb2\/3&Prime;][vc_row_inner content_placement=\u00a0\u00bbmiddle\u00a0\u00bb css=\u00a0\u00bb.vc_custom_1533655574734{margin-right: 50px !important;margin-left: 50px !important;}\u00a0\u00bb][vc_column_inner][vc_empty_space height=\u00a0\u00bb90px\u00a0\u00bb][vc_empty_space height=\u00a0\u00bb32&Prime;][\/vc_column_inner][\/vc_row_inner][\/vc_column][vc_column width=\u00a0\u00bb1\/3&Prime;][vc_empty_space height=\u00a0\u00bb250px\u00a0\u00bb][vc_single_image image=\u00a0\u00bb5674493&Prime; img_size=\u00a0\u00bbfull\u00a0\u00bb alignment=\u00a0\u00bbright\u00a0\u00bb][vc_empty_space height=\u00a0\u00bb32&Prime;][\/vc_column][\/vc_row][vc_row full_width=\u00a0\u00bbstretch_row\u00a0\u00bb css=\u00a0\u00bb.vc_custom_1533821774983{background-color: #f4f4f4 !important;}\u00a0\u00bb][vc_column][vc_row_inner content_placement=\u00a0\u00bbmiddle\u00a0\u00bb css=\u00a0\u00bb.vc_custom_1533655574734{margin-right: 50px !important;margin-left: 50px !important;}\u00a0\u00bb][vc_column_inner][vc_single_image image=\u00a0\u00bb5674353&Prime; img_size=\u00a0\u00bbfull\u00a0\u00bb][\/vc_column_inner][\/vc_row_inner][\/vc_column][\/vc_row][vc_row full_width=\u00a0\u00bbstretch_row\u00a0\u00bb][vc_column width=\u00a0\u00bb2\/3&Prime;][vc_empty_space height=\u00a0\u00bb50px\u00a0\u00bb][vc_empty_space height=\u00a0\u00bb90px\u00a0\u00bb][\/vc_column][vc_column width=\u00a0\u00bb1\/3&Prime;][vc_empty_space height=\u00a0\u00bb150px\u00a0\u00bb][vc_single_image image=\u00a0\u00bb5674312&Prime; alignment=\u00a0\u00bbcenter\u00a0\u00bb style=\u00a0\u00bbvc_box_shadow_border_circle\u00a0\u00bb][\/vc_column][\/vc_row][vc_row full_width=\u00a0\u00bbstretch_row_content_no_spaces\u00a0\u00bb content_placement=\u00a0\u00bbmiddle\u00a0\u00bb css_animation=\u00a0\u00bbnone\u00a0\u00bb side_background_title_alignment=\u00a0\u00bbright\u00a0\u00bb side_background_title_color=\u00a0\u00bbbrand\u00a0\u00bb][vc_column][vc_empty_space height=\u00a0\u00bb50px\u00a0\u00bb][vc_raw_html]JTVCd3BfYWRfY2FtcF8xJTVE[\/vc_raw_html][vc_empty_space height=\u00a0\u00bb50px\u00a0\u00bb][\/vc_column][\/vc_row][vc_row full_width=\u00a0\u00bbstretch_row_content_no_spaces\u00a0\u00bb content_placement=\u00a0\u00bbmiddle\u00a0\u00bb parallax=\u00a0\u00bbcontent-moving\u00a0\u00bb parallax_image=\u00a0\u00bb5674293&Prime; css_animation=\u00a0\u00bbfadeIn\u00a0\u00bb side_background_title_alignment=\u00a0\u00bbright\u00a0\u00bb side_background_title_color=\u00a0\u00bbbrand\u00a0\u00bb][vc_column][vc_empty_space [&hellip;]<\/p>\n","protected":false},"author":1,"featured_media":0,"parent":0,"menu_order":0,"comment_status":"closed","ping_status":"closed","template":"","meta":{"footnotes":""},"_links":{"self":[{"href":"https:\/\/www.logifin.ma\/2018\/wp-json\/wp\/v2\/pages\/5674121"}],"collection":[{"href":"https:\/\/www.logifin.ma\/2018\/wp-json\/wp\/v2\/pages"}],"about":[{"href":"https:\/\/www.logifin.ma\/2018\/wp-json\/wp\/v2\/types\/page"}],"author":[{"embeddable":true,"href":"https:\/\/www.logifin.ma\/2018\/wp-json\/wp\/v2\/users\/1"}],"replies":[{"embeddable":true,"href":"https:\/\/www.logifin.ma\/2018\/wp-json\/wp\/v2\/comments?post=5674121"}],"version-history":[{"count":146,"href":"https:\/\/www.logifin.ma\/2018\/wp-json\/wp\/v2\/pages\/5674121\/revisions"}],"predecessor-version":[{"id":5675108,"href":"https:\/\/www.logifin.ma\/2018\/wp-json\/wp\/v2\/pages\/5674121\/revisions\/5675108"}],"wp:attachment":[{"href":"https:\/\/www.logifin.ma\/2018\/wp-json\/wp\/v2\/media?parent=5674121"}],"curies":[{"name":"wp","href":"https:\/\/api.w.org\/{rel}","templated":true}]}}