{"id":5674212,"date":"2018-08-02T17:48:23","date_gmt":"2018-08-02T17:48:23","guid":{"rendered":"https:\/\/www.logifin.ma\/2018\/?page_id=5674212"},"modified":"2023-11-02T18:10:48","modified_gmt":"2023-11-02T18:10:48","slug":"conseil-legal","status":"publish","type":"page","link":"https:\/\/www.logifin.ma\/2018\/conseil-legal\/","title":{"rendered":"Conseil Juridique"},"content":{"rendered":"[vc_row full_width=\u00a0\u00bbstretch_row\u00a0\u00bb css=\u00a0\u00bb.vc_custom_1533836246206{background-image: url(https:\/\/www.logifin.ma\/2018\/wp-content\/uploads\/2018\/08\/expertise_logifin-1.png?id=5674390) !important;}\u00a0\u00bb][vc_column width=\u00a0\u00bb2\/3&Prime;][vc_row_inner content_placement=\u00a0\u00bbmiddle\u00a0\u00bb css=\u00a0\u00bb.vc_custom_1533655574734{margin-right: 50px !important;margin-left: 50px !important;}\u00a0\u00bb][vc_column_inner][vc_empty_space height=\u00a0\u00bb90px\u00a0\u00bb]<div class=\"norebro-heading-sc heading text-left\"\r\n\tid=\"norebro-custom-69e1f033cdabd\" \r\n\t data-aos=\"fade-up\" \r\n\t>\r\n\t\r\n\t\r\n\t\r\n\t<h2 class=\"title\">\r\n\t\tAccompagnement \u00e0 l\u2019Excellence\t<\/h2>\r\n\r\n\t\r\n\t\t\t<p class=\"subtitle\">\r\n\t\t\tExperts en accompagnement pour am\u00e9liorer et rationaliser tous les processus impliqu\u00e9s dans la gestion d'entreprise.\t\t<\/p>\r\n\t\t\r\n<\/div>[vc_empty_space height=\u00a0\u00bb32&Prime;][\/vc_column_inner][\/vc_row_inner][\/vc_column][vc_column width=\u00a0\u00bb1\/3&Prime;][vc_empty_space height=\u00a0\u00bb250px\u00a0\u00bb][vc_single_image image=\u00a0\u00bb5674586&Prime; img_size=\u00a0\u00bbfull\u00a0\u00bb alignment=\u00a0\u00bbright\u00a0\u00bb][vc_empty_space height=\u00a0\u00bb32&Prime;][\/vc_column][\/vc_row][vc_row full_width=\u00a0\u00bbstretch_row\u00a0\u00bb css=\u00a0\u00bb.vc_custom_1533821774983{background-color: #f4f4f4 !important;}\u00a0\u00bb][vc_column][vc_row_inner content_placement=\u00a0\u00bbmiddle\u00a0\u00bb css=\u00a0\u00bb.vc_custom_1533655574734{margin-right: 50px !important;margin-left: 50px !important;}\u00a0\u00bb][vc_column_inner][vc_single_image image=\u00a0\u00bb5674614&Prime; img_size=\u00a0\u00bbfull\u00a0\u00bb][\/vc_column_inner][\/vc_row_inner][\/vc_column][\/vc_row][vc_row full_width=\u00a0\u00bbstretch_row\u00a0\u00bb gap=\u00a0\u00bb30&Prime;][vc_column width=\u00a0\u00bb1\/2&Prime;][vc_empty_space height=\u00a0\u00bb50px\u00a0\u00bb]<div class=\"norebro-text-sc \" \r\n\tid=\"norebro-custom-69e1f033cdba0\" \r\n\t \r\n\t>\r\n\r\n\t<h5>Actuellement, les entreprises ont besoin d&rsquo;un soutien juridique et l\u00e9gal professionnel et s\u00e9rieux leur permettant de concentrer ses efforts dans le domaine commercial, en s&rsquo;appuyant sur une \u00e9quipe juridique interdisciplinaire qui pr\u00e9vient de mani\u00e8re proactive les conflits et les n\u00e9gocie avec succ\u00e8s s&rsquo;ils surviennent. Ce concept propre, d\u00e9velopp\u00e9 au cours de nombreuses ann\u00e9es de pratique aupr\u00e8s de petites, moyennes et grandes entreprises, nous permet d\u2019offrir un service unique qui implique l\u2019exp\u00e9rience du processus de saut de qualit\u00e9.<\/h5>\n\t\r\n<\/div><div class=\"norebro-text-sc \" \r\n\tid=\"norebro-custom-69e1f033d1cd6\" \r\n\t \r\n\t>\r\n\r\n\t<p>La vie dans une soci\u00e9t\u00e9 commerciale n\u2019est pas exempte de probl\u00e8mes parmi les partenaires qui se pr\u00e9sentent sur des questions diff\u00e9rentes propres au cours normal de leurs affaires, qu\u2019ils soient majoritaires ou minoritaires. Chez <a href=\"https:\/\/www.logifin.ma\"><strong>LOGIFIN Conseil<\/strong><\/a>, nous garantissons fermement les droits de chacun des membres d&rsquo;une soci\u00e9t\u00e9 commerciale, ind\u00e9pendamment de leur participation.<\/p>\n\t\r\n<\/div>[vc_empty_space height=\u00a0\u00bb50px\u00a0\u00bb][\/vc_column][vc_column width=\u00a0\u00bb1\/2&Prime;][vc_empty_space height=\u00a0\u00bb50px\u00a0\u00bb][vc_single_image image=\u00a0\u00bb5674613&Prime; img_size=\u00a0\u00bbfull\u00a0\u00bb alignment=\u00a0\u00bbcenter\u00a0\u00bb style=\u00a0\u00bbvc_box_shadow_3d\u00a0\u00bb][vc_empty_space height=\u00a0\u00bb50px\u00a0\u00bb][vc_raw_html]JTVCd3BfYWRfY2FtcF81JTVE[\/vc_raw_html][\/vc_column][\/vc_row][vc_row][vc_column]<div class=\"norebro-heading-sc heading text-center\"\r\n\tid=\"norebro-custom-69e1f033d1d2b\" \r\n\t \r\n\t>\r\n\t\r\n\t\r\n\t\r\n\t<h3 class=\"title\">\r\n\t\tNos Prestations\t<\/h3>\r\n\r\n\t\t\t<div class=\"divider\"><\/div>\r\n\t\r\n\t\t\r\n<\/div>[\/vc_column][\/vc_row][vc_row full_width=\u00a0\u00bbstretch_row\u00a0\u00bb][vc_column width=\u00a0\u00bb1\/2&Prime;][vc_empty_space]<div class=\"norebro-text-sc \" \r\n\tid=\"norebro-custom-69e1f033d1da0\" \r\n\t \r\n\t>\r\n\r\n\t<ul>\n<li>Accompagnement de la soci\u00e9t\u00e9 en tant que consultant juridique dans les diff\u00e9rents contrats pass\u00e9s par la soci\u00e9t\u00e9.<\/li>\n<li>Pr\u00e9paration et revue de la documentation contractuelle de la soci\u00e9t\u00e9.<\/li>\n<li>Conseil juridique en aval et amont de toute situation \u00e0 laquelle la soci\u00e9t\u00e9 est confront\u00e9e.<\/li>\n<li>L\u00e9gislation du travail.<\/li>\n<li>Informations des nouveaut\u00e9s juridiques et fiscaux.<\/li>\n<li>PV des A.G, enregistrement et d\u00e9p\u00f4ts au tribunal des comptes annuelles approuv\u00e9s.<\/li>\n<li>Repr\u00e9sentation devant l\u2019inspection du travail, les tribunaux et autres administrations publiques.<\/li>\n<\/ul>\n\t\r\n<\/div>[vc_empty_space height=\u00a0\u00bb50px\u00a0\u00bb][\/vc_column][vc_column width=\u00a0\u00bb1\/2&Prime;][vc_empty_space]<div class=\"norebro-text-sc \" \r\n\tid=\"norebro-custom-69e1f033d1e11\" \r\n\t \r\n\t>\r\n\r\n\t<ul>\n<li>Promotion, d\u00e9fense et poursuite d&rsquo;actions judiciaires ou administratives de toutes sortes.<\/li>\n<li>Administration et gestion de portefeuille de cr\u00e9dit.<\/li>\n<li>N\u00e9gociation et mise en \u0153uvre des accords.<\/li>\n<li>Redocumentation de dettes.<\/li>\n<li>Les acquisitions<\/li>\n<li>Contrats agricoles<\/li>\n<li>Contrats d&rsquo;agence, concession, distribution, etc.<\/li>\n<li>Contrats de vente de marchandises, nationales et internationales<\/li>\n<li>Contrats Publics et Dossiers des appels d&rsquo;offre<\/li>\n<li>Pr\u00e9paration et n\u00e9gociation des accords<\/li>\n<li>Transfert de fonds commerciaux<\/li>\n<li>R\u00e9daction et r\u00e9vision de contrats<\/li>\n<li>Embauche et licenciements<\/li>\n<li>Repr\u00e9sentation et parrainage<\/li>\n<li>N\u00e9gociations &amp;\u00a0\u00a0liquidations<\/li>\n<\/ul>\n\t\r\n<\/div>[vc_empty_space height=\u00a0\u00bb50px\u00a0\u00bb][\/vc_column][\/vc_row][vc_row][vc_column][vc_empty_space height=\u00a0\u00bb100px\u00a0\u00bb][vc_raw_html]JTVCd3BfYWRfY2FtcF8xJTVE[\/vc_raw_html][vc_raw_html]JTVCd3BfYWRfY2FtcF8zJTVE[\/vc_raw_html][\/vc_column][\/vc_row][vc_row full_width=\u00a0\u00bbstretch_row_content_no_spaces\u00a0\u00bb content_placement=\u00a0\u00bbmiddle\u00a0\u00bb parallax=\u00a0\u00bbcontent-moving\u00a0\u00bb parallax_image=\u00a0\u00bb5674433&Prime; css_animation=\u00a0\u00bbfadeIn\u00a0\u00bb side_background_title_alignment=\u00a0\u00bbright\u00a0\u00bb side_background_title_color=\u00a0\u00bbbrand\u00a0\u00bb][vc_column]<div class=\"norebro-heading-sc heading text-center\"\r\n\tid=\"norebro-custom-69e1f033d1e61\" \r\n\t \r\n\t>\r\n\t\r\n\t\t\t<p class=\"subtitle\">\r\n\t\t\t\t\t<\/p>\r\n\t\r\n\t\r\n\t<h3 class=\"title subtitle-top\">\r\n\t\tUne expertise au service du d\u00e9veloppement & de l'innovation\t<\/h3>\r\n\r\n\t\r\n\t\t\r\n<\/div><div class=\"norebro-text-sc \" \r\n\tid=\"norebro-custom-69e1f033d22b1\" \r\n\t \r\n\t>\r\n\r\n\t<p style=\"text-align: center;\"><span style=\"color: #ffffff;\"><strong><a style=\"color: #ffffff;\" href=\"https:\/\/www.logifin.ma\">LOGIFIN Conseil<\/a>\u00a0<\/strong>\u00a0met son exp\u00e9rience et son expertise au service de ses clients et partenaires dans des domaines vari\u00e9s<br \/>\nen pr\u00e9conisant des solutions innovatrices et efficaces pour optimiser vos investissements.<\/span><\/p>\n\t\r\n<\/div>[vc_empty_space height=\u00a0\u00bb30px\u00a0\u00bb][\/vc_column][\/vc_row][vc_row full_width=\u00a0\u00bbstretch_row\u00a0\u00bb css=\u00a0\u00bb.vc_custom_1533918748932{margin-right: 20px !important;margin-left: 50px !important;background-color: #293499 !important;}\u00a0\u00bb side_background_title_color=\u00a0\u00bb#263556&Prime;][vc_column width=\u00a0\u00bb1\/4&Prime;][vc_empty_space height=\u00a0\u00bb30px\u00a0\u00bb]<div class=\"norebro-icon-box-sc icon-box text-center\" \r\n\tid=\"norebro-custom-69e1f033d27ef\" \r\n\t \r\n\t>\r\n\r\n\t<div class=\"icon-wrap shape-border shape-rounded\">\r\n\t\t\t\t\t<img src=\"https:\/\/www.logifin.ma\/2018\/wp-content\/uploads\/2018\/08\/11.png\" alt=\"CONSEIL STRAT\u00c9GIQUE\">\r\n\t\t\t<\/div>\r\n\r\n\t<div class=\"content-wrap\">\r\n\r\n\t\t<div class=\"content-center with-full\">\r\n\t\t\t<div class=\"wrap\">\r\n\t\t\t\t<h3>CONSEIL STRAT\u00c9GIQUE<\/h3>\r\n\t\t\t\t\t\t\t<\/div>\r\n\t\t<\/div>\r\n\t\t\r\n\t\t\t<\/div>\r\n\t\t\r\n\t\t<p class=\"description content-full\">\r\n\t\t\t\t\t<\/p>\r\n\r\n\t\t\r\n\t\t\r\n<\/div>[vc_empty_space height=\u00a0\u00bb15px\u00a0\u00bb]<div class=\"norebro-icon-box-sc icon-box text-center\" \r\n\tid=\"norebro-custom-69e1f033d2ceb\" \r\n\t \r\n\t>\r\n\r\n\t<div class=\"icon-wrap shape-border shape-rounded\">\r\n\t\t\t\t\t<img src=\"https:\/\/www.logifin.ma\/2018\/wp-content\/uploads\/2018\/08\/9.png\" alt=\"CONSEIL RH\">\r\n\t\t\t<\/div>\r\n\r\n\t<div class=\"content-wrap\">\r\n\r\n\t\t<div class=\"content-center with-full\">\r\n\t\t\t<div class=\"wrap\">\r\n\t\t\t\t<h3>CONSEIL RH<\/h3>\r\n\t\t\t\t\t\t\t<\/div>\r\n\t\t<\/div>\r\n\t\t\r\n\t\t\t<\/div>\r\n\t\t\r\n\t\t<p class=\"description content-full\">\r\n\t\t\t\t\t<\/p>\r\n\r\n\t\t\r\n\t\t\r\n<\/div>[vc_empty_space height=\u00a0\u00bb15px\u00a0\u00bb][\/vc_column][vc_column width=\u00a0\u00bb1\/4&Prime;][vc_empty_space height=\u00a0\u00bb30px\u00a0\u00bb]<div class=\"norebro-icon-box-sc icon-box text-center\" \r\n\tid=\"norebro-custom-69e1f033d2f3e\" \r\n\t \r\n\t>\r\n\r\n\t<div class=\"icon-wrap shape-border shape-rounded\">\r\n\t\t\t\t\t<img src=\"https:\/\/www.logifin.ma\/2018\/wp-content\/uploads\/2018\/08\/2.png\" alt=\"CONSEIL EN ORGANISATION\">\r\n\t\t\t<\/div>\r\n\r\n\t<div class=\"content-wrap\">\r\n\r\n\t\t<div class=\"content-center with-full\">\r\n\t\t\t<div class=\"wrap\">\r\n\t\t\t\t<h3>CONSEIL EN ORGANISATION<\/h3>\r\n\t\t\t\t\t\t\t<\/div>\r\n\t\t<\/div>\r\n\t\t\r\n\t\t\t<\/div>\r\n\t\t\r\n\t\t<p class=\"description content-full\">\r\n\t\t\t\t\t<\/p>\r\n\r\n\t\t\r\n\t\t\r\n<\/div>[vc_empty_space height=\u00a0\u00bb15px\u00a0\u00bb]<div class=\"norebro-icon-box-sc icon-box text-center\" \r\n\tid=\"norebro-custom-69e1f033d3178\" \r\n\t \r\n\t>\r\n\r\n\t<div class=\"icon-wrap shape-border shape-rounded\">\r\n\t\t\t\t\t<img src=\"https:\/\/www.logifin.ma\/2018\/wp-content\/uploads\/2018\/08\/3.png\" alt=\"CONSEIL EN ASSURANCE\">\r\n\t\t\t<\/div>\r\n\r\n\t<div class=\"content-wrap\">\r\n\r\n\t\t<div class=\"content-center with-full\">\r\n\t\t\t<div class=\"wrap\">\r\n\t\t\t\t<h3>CONSEIL EN ASSURANCE<\/h3>\r\n\t\t\t\t\t\t\t<\/div>\r\n\t\t<\/div>\r\n\t\t\r\n\t\t\t<\/div>\r\n\t\t\r\n\t\t<p class=\"description content-full\">\r\n\t\t\t\t\t<\/p>\r\n\r\n\t\t\r\n\t\t\r\n<\/div>[vc_empty_space height=\u00a0\u00bb15px\u00a0\u00bb][\/vc_column][vc_column width=\u00a0\u00bb1\/4&Prime;][vc_empty_space height=\u00a0\u00bb30px\u00a0\u00bb]<div class=\"norebro-icon-box-sc icon-box text-center\" \r\n\tid=\"norebro-custom-69e1f033d33bf\" \r\n\t \r\n\t>\r\n\r\n\t<div class=\"icon-wrap shape-border shape-rounded\">\r\n\t\t\t\t\t<img src=\"https:\/\/www.logifin.ma\/2018\/wp-content\/uploads\/2018\/08\/12.png\" alt=\"CONSEIL FINANCIER\">\r\n\t\t\t<\/div>\r\n\r\n\t<div class=\"content-wrap\">\r\n\r\n\t\t<div class=\"content-center with-full\">\r\n\t\t\t<div class=\"wrap\">\r\n\t\t\t\t<h3>CONSEIL FINANCIER<\/h3>\r\n\t\t\t\t\t\t\t<\/div>\r\n\t\t<\/div>\r\n\t\t\r\n\t\t\t<\/div>\r\n\t\t\r\n\t\t<p class=\"description content-full\">\r\n\t\t\t\t\t<\/p>\r\n\r\n\t\t\r\n\t\t\r\n<\/div>[vc_empty_space height=\u00a0\u00bb15px\u00a0\u00bb]<div class=\"norebro-icon-box-sc icon-box text-center\" \r\n\tid=\"norebro-custom-69e1f033d35fe\" \r\n\t \r\n\t>\r\n\r\n\t<div class=\"icon-wrap shape-border shape-rounded\">\r\n\t\t\t\t\t<img src=\"https:\/\/www.logifin.ma\/2018\/wp-content\/uploads\/2018\/08\/13-1.png\" alt=\"CONSEIL JURIDIQUE\">\r\n\t\t\t<\/div>\r\n\r\n\t<div class=\"content-wrap\">\r\n\r\n\t\t<div class=\"content-center with-full\">\r\n\t\t\t<div class=\"wrap\">\r\n\t\t\t\t<h3>CONSEIL JURIDIQUE<\/h3>\r\n\t\t\t\t\t\t\t<\/div>\r\n\t\t<\/div>\r\n\t\t\r\n\t\t\t<\/div>\r\n\t\t\r\n\t\t<p class=\"description content-full\">\r\n\t\t\t\t\t<\/p>\r\n\r\n\t\t\r\n\t\t\r\n<\/div>[vc_empty_space height=\u00a0\u00bb15px\u00a0\u00bb][\/vc_column][vc_column width=\u00a0\u00bb1\/4&Prime;][vc_empty_space height=\u00a0\u00bb30px\u00a0\u00bb]<div class=\"norebro-icon-box-sc icon-box text-center\" \r\n\tid=\"norebro-custom-69e1f033d383a\" \r\n\t \r\n\t>\r\n\r\n\t<div class=\"icon-wrap shape-border shape-rounded\">\r\n\t\t\t\t\t<img src=\"https:\/\/www.logifin.ma\/2018\/wp-content\/uploads\/2018\/08\/6.png\" alt=\"CONSEIL FISCAL\">\r\n\t\t\t<\/div>\r\n\r\n\t<div class=\"content-wrap\">\r\n\r\n\t\t<div class=\"content-center with-full\">\r\n\t\t\t<div class=\"wrap\">\r\n\t\t\t\t<h3>CONSEIL FISCAL<\/h3>\r\n\t\t\t\t\t\t\t<\/div>\r\n\t\t<\/div>\r\n\t\t\r\n\t\t\t<\/div>\r\n\t\t\r\n\t\t<p class=\"description content-full\">\r\n\t\t\t\t\t<\/p>\r\n\r\n\t\t\r\n\t\t\r\n<\/div>[vc_empty_space height=\u00a0\u00bb15px\u00a0\u00bb]<div class=\"norebro-icon-box-sc icon-box text-center\" \r\n\tid=\"norebro-custom-69e1f033d3a7a\" \r\n\t \r\n\t>\r\n\r\n\t<div class=\"icon-wrap shape-border shape-rounded\">\r\n\t\t\t\t\t<img src=\"https:\/\/www.logifin.ma\/2018\/wp-content\/uploads\/2018\/08\/8.png\" alt=\"SUPERVISION COMPTABLES\">\r\n\t\t\t<\/div>\r\n\r\n\t<div class=\"content-wrap\">\r\n\r\n\t\t<div class=\"content-center with-full\">\r\n\t\t\t<div class=\"wrap\">\r\n\t\t\t\t<h3>SUPERVISION COMPTABLES<\/h3>\r\n\t\t\t\t\t\t\t<\/div>\r\n\t\t<\/div>\r\n\t\t\r\n\t\t\t<\/div>\r\n\t\t\r\n\t\t<p class=\"description content-full\">\r\n\t\t\t\t\t<\/p>\r\n\r\n\t\t\r\n\t\t\r\n<\/div>[vc_empty_space height=\u00a0\u00bb15px\u00a0\u00bb][\/vc_column][\/vc_row][vc_row full_width=\u00a0\u00bbstretch_row\u00a0\u00bb content_placement=\u00a0\u00bbmiddle\u00a0\u00bb css=\u00a0\u00bb.vc_custom_1535196012232{background-color: #263556 !important;}\u00a0\u00bb][vc_column][vc_empty_space height=\u00a0\u00bb90px\u00a0\u00bb el_class=\u00a0\u00bbnorebro-phone-space\u00a0\u00bb]<div class=\"norebro-heading-sc heading text-center\"\r\n\tid=\"norebro-custom-69e1f033d3b1d\" \r\n\t \r\n\t>\r\n\t\r\n\t\t\t<p class=\"subtitle\">\r\n\t\t\t\t\t<\/p>\r\n\t\r\n\t\r\n\t<h3 class=\"title subtitle-top\">\r\n\t\tCARRI\u00c8RES & EMPLOIS\t<\/h3>\r\n\r\n\t\r\n\t\t\r\n<\/div>[vc_empty_space height=\u00a0\u00bb10px\u00a0\u00bb]<div class=\"norebro-text-sc \" \r\n\tid=\"norebro-custom-69e1f033d3b99\" \r\n\t \r\n\t>\r\n\r\n\t<p style=\"text-align: center;\"><span style=\"color: #ffffff;\">Consultez R\u00e9guli\u00e8rement notre rubrique Carri\u00e8res e&amp; Emplois pour recueillir les derni\u00e8res offres de recrutement.<\/span><\/p>\n\t\r\n<\/div><div class=\"norebro-recent-posts-sc vc_row blog-posts-masonry\" \r\n\tid=\"norebro-custom-69e1f033d4a64\"\r\n\t \r\n\t>\r\n\r\n\t<div class=\"norebro-masonry\" data-lazy-container=\"true\"><div class=\" vc_col-lg-3 vc_col-md-3 vc_col-sm-6 vc_col-xs-12 blog-post-masonry masonry-block post-offset norebro-card-wrapper grid-item data-lazy-item=\"true\"><div  data-aos-once=\"true\" data-aos=\"fade-up\" data-aos-delay=\"0\"><div class=\"blog-grid grid-4\" >\n\t\n\t<div class=\"content\">\n\t\t\t\t<div class=\"tags\">\n\t\t\t\t\t\t\t<a class=\"tag brand-bg-color brand-border-color\" href=\"https:\/\/www.logifin.ma\/2018\/category\/offres-emplois\/\">\n\t\t\t\t\tOffres Emplois\t\t\t\t<\/a>\n\t\t\t\t\t<\/div>\n\t\t\t\t\n\t\t<h3>\n\t\t\t\t\t\t<a href=\"https:\/\/www.logifin.ma\/2018\/offre003-19\/\">\n\t\t\t\tResponsable Juridique &amp; Administratif\t\t\t<\/a>\n\t\t<\/h3>\n\t\t\t\t<p>\n\t\t\t[vc_row][vc_column][vc_empty_space height=\u00a0\u00bb50px\u00a0\u00bb][vc_empty_space][vc_column_text]Description Cabinet de renomm\u00e9\u00a0 en conseil comptable fiscal et financier\u00a0&hellip;\t\t<\/p>\n\t\t\n\t\t<footer>\n\t\t\t\t\t\t<span class=\"author\">adminlogifin<\/span>\n\t\t\t<strong>&mdash;<\/strong>\n\t\t\t\t\t\t\t\t\t<span class=\"data\">f\u00e9vrier 4, 2019<\/span>\n\t\t\t\t\t<\/footer>\n\t\t<span class=\"plus ion-ios-plus-empty brand-color\"><\/span>\n\t<\/div>\n\t\n<\/div><\/div><div class=\"clear\"><\/div><\/div><div class=\" vc_col-lg-3 vc_col-md-3 vc_col-sm-6 vc_col-xs-12 blog-post-masonry masonry-block post-offset norebro-card-wrapper grid-item data-lazy-item=\"true\"><div  data-aos-once=\"true\" data-aos=\"fade-up\" data-aos-delay=\"100\"><div class=\"blog-grid grid-4\" >\n\t\n\t<div class=\"content\">\n\t\t\t\t<div class=\"tags\">\n\t\t\t\t\t\t\t<a class=\"tag brand-bg-color brand-border-color\" href=\"https:\/\/www.logifin.ma\/2018\/category\/offres-emplois\/\">\n\t\t\t\t\tOffres Emplois\t\t\t\t<\/a>\n\t\t\t\t\t<\/div>\n\t\t\t\t\n\t\t<h3>\n\t\t\t\t\t\t<a href=\"https:\/\/www.logifin.ma\/2018\/responsable-commercial-zone-fez-et-nord\/\">\n\t\t\t\tResponsable commercial zone Fez et Nord\t\t\t<\/a>\n\t\t<\/h3>\n\t\t\t\t<p>\n\t\t\t[vc_row][vc_column][vc_empty_space height=\u00a0\u00bb50px\u00a0\u00bb][vc_empty_space][vc_single_image image=\u00a0\u00bb5674949&Prime; img_size=\u00a0\u00bbfull\u00a0\u00bb alignment=\u00a0\u00bbcenter\u00a0\u00bb][vc_empty_space][vc_column_text]Description&hellip;\t\t<\/p>\n\t\t\n\t\t<footer>\n\t\t\t\t\t\t<span class=\"author\">adminlogifin<\/span>\n\t\t\t<strong>&mdash;<\/strong>\n\t\t\t\t\t\t\t\t\t<span class=\"data\">janvier 2, 2019<\/span>\n\t\t\t\t\t<\/footer>\n\t\t<span class=\"plus ion-ios-plus-empty brand-color\"><\/span>\n\t<\/div>\n\t\n<\/div><\/div><div class=\"clear\"><\/div><\/div><\/div>\t\r\n<\/div>[vc_empty_space el_class=\u00a0\u00bbnorebro-phone-space\u00a0\u00bb][\/vc_column][\/vc_row]\n","protected":false},"excerpt":{"rendered":"<p>[vc_row full_width=\u00a0\u00bbstretch_row\u00a0\u00bb css=\u00a0\u00bb.vc_custom_1533836246206{background-image: url(https:\/\/www.logifin.ma\/2018\/wp-content\/uploads\/2018\/08\/expertise_logifin-1.png?id=5674390) !important;}\u00a0\u00bb][vc_column width=\u00a0\u00bb2\/3&Prime;][vc_row_inner content_placement=\u00a0\u00bbmiddle\u00a0\u00bb css=\u00a0\u00bb.vc_custom_1533655574734{margin-right: 50px !important;margin-left: 50px !important;}\u00a0\u00bb][vc_column_inner][vc_empty_space height=\u00a0\u00bb90px\u00a0\u00bb][vc_empty_space height=\u00a0\u00bb32&Prime;][\/vc_column_inner][\/vc_row_inner][\/vc_column][vc_column width=\u00a0\u00bb1\/3&Prime;][vc_empty_space height=\u00a0\u00bb250px\u00a0\u00bb][vc_single_image image=\u00a0\u00bb5674586&Prime; img_size=\u00a0\u00bbfull\u00a0\u00bb alignment=\u00a0\u00bbright\u00a0\u00bb][vc_empty_space height=\u00a0\u00bb32&Prime;][\/vc_column][\/vc_row][vc_row full_width=\u00a0\u00bbstretch_row\u00a0\u00bb css=\u00a0\u00bb.vc_custom_1533821774983{background-color: #f4f4f4 !important;}\u00a0\u00bb][vc_column][vc_row_inner content_placement=\u00a0\u00bbmiddle\u00a0\u00bb css=\u00a0\u00bb.vc_custom_1533655574734{margin-right: 50px !important;margin-left: 50px !important;}\u00a0\u00bb][vc_column_inner][vc_single_image image=\u00a0\u00bb5674614&Prime; img_size=\u00a0\u00bbfull\u00a0\u00bb][\/vc_column_inner][\/vc_row_inner][\/vc_column][\/vc_row][vc_row full_width=\u00a0\u00bbstretch_row\u00a0\u00bb gap=\u00a0\u00bb30&Prime;][vc_column width=\u00a0\u00bb1\/2&Prime;][vc_empty_space height=\u00a0\u00bb50px\u00a0\u00bb][vc_empty_space height=\u00a0\u00bb50px\u00a0\u00bb][\/vc_column][vc_column width=\u00a0\u00bb1\/2&Prime;][vc_empty_space height=\u00a0\u00bb50px\u00a0\u00bb][vc_single_image image=\u00a0\u00bb5674613&Prime; img_size=\u00a0\u00bbfull\u00a0\u00bb alignment=\u00a0\u00bbcenter\u00a0\u00bb style=\u00a0\u00bbvc_box_shadow_3d\u00a0\u00bb][vc_empty_space height=\u00a0\u00bb50px\u00a0\u00bb][vc_raw_html]JTVCd3BfYWRfY2FtcF81JTVE[\/vc_raw_html][\/vc_column][\/vc_row][vc_row][vc_column][\/vc_column][\/vc_row][vc_row full_width=\u00a0\u00bbstretch_row\u00a0\u00bb][vc_column width=\u00a0\u00bb1\/2&Prime;][vc_empty_space][vc_empty_space height=\u00a0\u00bb50px\u00a0\u00bb][\/vc_column][vc_column width=\u00a0\u00bb1\/2&Prime;][vc_empty_space][vc_empty_space height=\u00a0\u00bb50px\u00a0\u00bb][\/vc_column][\/vc_row][vc_row][vc_column][vc_empty_space height=\u00a0\u00bb100px\u00a0\u00bb][vc_raw_html]JTVCd3BfYWRfY2FtcF8xJTVE[\/vc_raw_html][vc_raw_html]JTVCd3BfYWRfY2FtcF8zJTVE[\/vc_raw_html][\/vc_column][\/vc_row][vc_row full_width=\u00a0\u00bbstretch_row_content_no_spaces\u00a0\u00bb content_placement=\u00a0\u00bbmiddle\u00a0\u00bb parallax=\u00a0\u00bbcontent-moving\u00a0\u00bb parallax_image=\u00a0\u00bb5674433&Prime; css_animation=\u00a0\u00bbfadeIn\u00a0\u00bb [&hellip;]<\/p>\n","protected":false},"author":1,"featured_media":0,"parent":0,"menu_order":0,"comment_status":"closed","ping_status":"closed","template":"","meta":{"footnotes":""},"_links":{"self":[{"href":"https:\/\/www.logifin.ma\/2018\/wp-json\/wp\/v2\/pages\/5674212"}],"collection":[{"href":"https:\/\/www.logifin.ma\/2018\/wp-json\/wp\/v2\/pages"}],"about":[{"href":"https:\/\/www.logifin.ma\/2018\/wp-json\/wp\/v2\/types\/page"}],"author":[{"embeddable":true,"href":"https:\/\/www.logifin.ma\/2018\/wp-json\/wp\/v2\/users\/1"}],"replies":[{"embeddable":true,"href":"https:\/\/www.logifin.ma\/2018\/wp-json\/wp\/v2\/comments?post=5674212"}],"version-history":[{"count":11,"href":"https:\/\/www.logifin.ma\/2018\/wp-json\/wp\/v2\/pages\/5674212\/revisions"}],"predecessor-version":[{"id":5675125,"href":"https:\/\/www.logifin.ma\/2018\/wp-json\/wp\/v2\/pages\/5674212\/revisions\/5675125"}],"wp:attachment":[{"href":"https:\/\/www.logifin.ma\/2018\/wp-json\/wp\/v2\/media?parent=5674212"}],"curies":[{"name":"wp","href":"https:\/\/api.w.org\/{rel}","templated":true}]}}